{"id":1406,"date":"2017-03-16T10:48:52","date_gmt":"2017-03-16T09:48:52","guid":{"rendered":"https:\/\/www.day-spa-ramstein.de\/?page_id=1406"},"modified":"2025-07-17T06:24:25","modified_gmt":"2025-07-17T04:24:25","slug":"waxing-schulung","status":"publish","type":"page","link":"https:\/\/www.day-spa-ramstein.de\/en\/waxing-schulung\/","title":{"rendered":"Waxing Schulung"},"content":{"rendered":"<p>[vc_row][vc_column][vc_column_text]<img loading=\"lazy\" class=\"alignnone size-large wp-image-2856\" src=\"https:\/\/www.day-spa-ramstein.de\/wp-content\/uploads\/2017\/03\/Schulung_Waxing_ElkesDaySpa_Ramstein_3-1024x529.jpg\" alt=\"Erlernen Sie die Haarentfernung mit Wax in einer Schulung f\u00fcr Haarentfernung bei Elkes Day Spa in Ramstein!\" width=\"967\" height=\"500\" srcset=\"https:\/\/www.day-spa-ramstein.de\/wp-content\/uploads\/2017\/03\/Schulung_Waxing_ElkesDaySpa_Ramstein_3-1024x529.jpg 1024w, https:\/\/www.day-spa-ramstein.de\/wp-content\/uploads\/2017\/03\/Schulung_Waxing_ElkesDaySpa_Ramstein_3-600x310.jpg 600w, https:\/\/www.day-spa-ramstein.de\/wp-content\/uploads\/2017\/03\/Schulung_Waxing_ElkesDaySpa_Ramstein_3-300x155.jpg 300w, https:\/\/www.day-spa-ramstein.de\/wp-content\/uploads\/2017\/03\/Schulung_Waxing_ElkesDaySpa_Ramstein_3-768x397.jpg 768w, https:\/\/www.day-spa-ramstein.de\/wp-content\/uploads\/2017\/03\/Schulung_Waxing_ElkesDaySpa_Ramstein_3-370x191.jpg 370w, https:\/\/www.day-spa-ramstein.de\/wp-content\/uploads\/2017\/03\/Schulung_Waxing_ElkesDaySpa_Ramstein_3-1200x620.jpg 1200w, https:\/\/www.day-spa-ramstein.de\/wp-content\/uploads\/2017\/03\/Schulung_Waxing_ElkesDaySpa_Ramstein_3-360x186.jpg 360w, https:\/\/www.day-spa-ramstein.de\/wp-content\/uploads\/2017\/03\/Schulung_Waxing_ElkesDaySpa_Ramstein_3.jpg 1524w\" sizes=\"(max-width: 967px) 100vw, 967px\" \/>[\/vc_column_text][\/vc_column][\/vc_row][vc_row][vc_column][vc_column_text]<\/p>\n<h3>Kurse zur K\u00f6rperenthaarung mit Wachs (mit Zertifikat)<\/h3>\n<p>[\/vc_column_text][\/vc_column][\/vc_row][vc_row][vc_column][vc_column_text]Die K\u00f6rperenthaarung mit Wachs wird in Deutschland immer popul\u00e4rer und beliebter. Gehen Sie mit dem Trend und erlernen Sie die speziellen Techniken des Roll-On Systems oder\/ und des Brazilian waxings. Nehmen Sie an unseren 1-t\u00e4gigen Kurs teil und lernen Sie die schnelle, saubere und pr\u00e4zise Enthaarung mit\u00a0 Hart- oder Hei\u00dfwachs, alle Methoden werden in unseren Kursen gezeigt.<\/p>\n<p>Sie k\u00f6nnen Ihren Kunden so eine perfekte Wachsenthaarung mit professionellen Produkten anbieten. Um einen gezielten Lerneffekt und bestm\u00f6gliche Resultate aus den Kursen zu erhalten, bieten wir sie ausschlie\u00dflich als Einzelunterricht an.<\/p>\n<p>Als seri\u00f6ses Waxing-Studio mit langj\u00e4hriger Erfahrung k\u00f6nnen wir auf Ihre ganz speziellen W\u00fcnsche und Bed\u00fcrfnisse eingehen. Lassen auch Sie sich von dieser sehr effektiven Form der Haarentfernung \u00fcberzeugen.[\/vc_column_text][\/vc_column][\/vc_row][vc_row css=&#8221;.vc_custom_1494323177436{margin-top: 60px !important;}&#8221;][vc_column][vc_column_text]<\/p>\n<h2><span style=\"color: #007c34;\">Kurs I: Intensivkurs f\u00fcr die Haarentfernung mit Wachs (1 Tag)<\/span><\/h2>\n<p>[\/vc_column_text][\/vc_column][\/vc_row][vc_row css=&#8221;.vc_custom_1494323080679{margin-top: 0px !important;}&#8221;][vc_column width=&#8221;1\/2&#8243;][vc_column_text]<strong>Inhalte:<\/strong><\/p>\n<ul>\n<li>Wachsarten<\/li>\n<li>Preiskalkulation<\/li>\n<li>Ger\u00e4tekunde<\/li>\n<li>Praktisches Arbeiten<\/li>\n<\/ul>\n<p>Innerhalb dieses Kurses werden Sie die Grundtechniken zur Wachsenthaarung kennen lernen. Hierzu werden Ihnen zwei Techniken vorgestellt:<\/p>\n<p><strong>1. Wachspatronen mit Roll-On System<\/strong><br \/>\nMit speziellen Wachspatronen\u00a0 k\u00f6nnen Sie Haare sowohl auf gro\u00dfen K\u00f6rperbereichen, wie Beine und Arme oder R\u00fccken und Brustbereich entfernen.<\/p>\n<p>[\/vc_column_text][\/vc_column][vc_column width=&#8221;1\/2&#8243;][vc_column_text]<strong>2. Hei\u00dfwachs<br \/>\n<\/strong>Der Hei\u00dfwachs in 400 ml oder 800 ml Dosen wird durch einen Spatel aufgetragen. Sie erhalten w\u00e4hrend des Grundseminars wertvolle Tipps und Tricks zu dieser Technik.<\/p>\n<p>Neben den speziellen Techniken zur Auftragung des Wachses werde ich Ihnen weitere Informationen zur Behandlung der Haut geben, um die Enthaarung mit Wachs f\u00fcr Ihre Kunden zum sensationellen Erlebnis zu machen.<\/p>\n<p><strong>\u20ac 350 (inkl. 4 \u00a0Modelle zum \u00dcben an dem Tag, ohne Garantie, dass alle Modelle kommen.)<\/strong><br \/>\nAnzahlung: 4 Wochen vor Kursbeginn \u20ac 100[\/vc_column_text][\/vc_column][\/vc_row][vc_row css=&#8221;.vc_custom_1494323177436{margin-top: 60px !important;}&#8221;][vc_column][vc_column_text]<\/p>\n<h2><span style=\"color: #007c34;\">Kurs II:\u00a0Intensivkurs f\u00fcr\u00a0Brazilian Waxing (1 Tag)<\/span><\/h2>\n<p>[\/vc_column_text][\/vc_column][\/vc_row][vc_row][vc_column width=&#8221;1\/2&#8243;][vc_column_text]Bieten Sie Ihren Kunden einen speziellen Service und offerieren Sie Brazilian Waxing! Das Brazilian Waxing stellt ein noch ziemlich junges Ph\u00e4nomen zur Entfernung der Haare im Intimbereich dar. Nachdem diese spezielle Haarentfernungsmethode durch verschiedene Stars in den USA popul\u00e4r wurde, schwappt dieser Trend nun auch nach Deutschland. Melden Sie sich zu unserer Brazilian Waxing Schulung an und bieten Sie diesen Service als eines der ersten Kosmetikstudios exklusiv. Um einen gezielten Lerneffekt und bestm\u00f6gliche Resultate aus den Kursen zu erhalten, bieten wir sie ausschlie\u00dflich als Einzelunterricht an.<\/p>\n<p>Beim Brazilian Waxing werden also alle Haare im Intimbereich entfernt. Da die Haut hier sehr empfindlich ist und die Haare oft hart und grob sind bedarf es zum einen speziellen Techniken zur Haarentfernung, zum anderen speziellen Wachsen und Pflegemitteln f\u00fcr die Pflege der Haut nach der Behandlung. Lernen Sie in unserem Brazilian Waxing Kurs diese Anwendungstechniken und Behandlungen zur Pflege der enthaarten Haut![\/vc_column_text][\/vc_column][vc_column width=&#8221;1\/2&#8243;][vc_column_text]<strong>Inhalte:<\/strong><\/p>\n<ul>\n<li>Wachsarten<\/li>\n<li>Preiskalkulation<\/li>\n<li>Ger\u00e4tekunde<\/li>\n<li>Praktisches Arbeiten<\/li>\n<li>Brazilian Waxing (vollst\u00e4ndige Enthaarung des Intimbereiches)<\/li>\n<li>Landing Strip\/Irokese (Es wird eine feine Haarlinie im vorderen Bereich des Intimbereiches gelassen)<\/li>\n<li>Bikini Lines (hierbei wird lediglich die Bikinizone gewachst)<\/li>\n<li>Freestyle (frei gew\u00e4hlte Formen und Muster entstehen durch stehen gelassene Haare)<\/li>\n<\/ul>\n<p>Kursunterlagen erhalten Sie vor Ort!<\/p>\n<p><strong>\u20ac 350 (inkl. 4 \u00a0Modelle zum \u00dcben an dem Tag, ohne Garantie, dass alle Modelle kommen!)<\/strong><br \/>\nAnzahlung: 4 Wochen vor Kursbeginn \u20ac 100[\/vc_column_text][\/vc_column][\/vc_row][vc_row css=&#8221;.vc_custom_1494411956687{margin-top: 60px !important;}&#8221;][vc_column][vc_column_text]<\/p>\n<h2><span style=\"color: #007c34;\">ANGEBOT:<\/span><\/h2>\n<p>[\/vc_column_text][vc_column_text]<\/p>\n<h4>Buchen Sie <span style=\"color: #0e7539;\">Kurs 1 und Kurs 2 zusammen<\/span>, erhalten Sie diese beiden Kurse<br \/>\nzu einem Gesamtpreis von <span style=\"color: #007c34;\">nur \u20ac 500<\/span> (Intensivkurs 1 Tag, 4-5 Modelle, ohne Garantie, dass alle Modelle kommen). Anzahlung: 4 Wochen vor Kursbeginn \u20ac 100,&#8211;.<\/h4>\n<p>[\/vc_column_text][vc_gallery interval=&#8221;3&#8243; images=&#8221;4716,4722,4724&#8243;][\/vc_column][\/vc_row][vc_row full_width=&#8221;stretch_row&#8221; content_placement=&#8221;middle&#8221; parallax=&#8221;content-moving&#8221; css=&#8221;.vc_custom_1494498079221{margin-top: 40px !important;margin-bottom: -100px !important;background-image: url(https:\/\/www.day-spa-ramstein.de\/wp-content\/uploads\/2017\/05\/Bananenblatt_ElkesDaySpa_Ramstein_titel.jpg?id=1779) !important;}&#8221;][vc_column width=&#8221;1\/2&#8243;][vc_column_text css=&#8221;.vc_custom_1494499719853{margin-bottom: 35px !important;}&#8221;]<\/p>\n<h4><span style=\"color: #ffffff;\">Weiterbildung und Weiterentwicklung sind sehr wichtig im Leben. Erlernen Sie die Kunst der Haarentfernung und lassen Sie sich zertifizieren! <\/span><\/h4>\n<p>[\/vc_column_text][\/vc_column][vc_column width=&#8221;1\/2&#8243;][vc_column_text css=&#8221;.vc_custom_1494499757677{margin-bottom: 20px !important;}&#8221;]<a target=\"_self\" href=\"https:\/\/www.day-spa-ramstein.de\/kontakt\/\" class=\"btn btn-lg style-1\" id=\"custom-id-0\" style=\"\">Jetzt Kurs buchen<\/a>[\/vc_column_text][\/vc_column][\/vc_row]<\/p>\n","protected":false},"excerpt":{"rendered":"<p>[vc_row][vc_column][vc_column_text][\/vc_column_text][\/vc_column][\/vc_row][vc_row][vc_column][vc_column_text] Kurse zur K\u00f6rperenthaarung mit Wachs (mit Zertifikat) [\/vc_column_text][\/vc_column][\/vc_row][vc_row][vc_column][vc_column_text]Die K\u00f6rperenthaarung mit Wachs wird in Deutschland immer popul\u00e4rer und beliebter. Gehen Sie mit dem Trend und erlernen Sie die speziellen Techniken des Roll-On Systems oder\/ und des Brazilian waxings. Nehmen Sie&#8230;<\/p>\n","protected":false},"author":2,"featured_media":0,"parent":0,"menu_order":0,"comment_status":"closed","ping_status":"closed","template":"","meta":{"_exactmetrics_skip_tracking":false,"_exactmetrics_sitenote_active":false,"_exactmetrics_sitenote_note":"","_exactmetrics_sitenote_category":0},"yoast_head":"<!-- This site is optimized with the Yoast SEO plugin v20.6 - https:\/\/yoast.com\/wordpress\/plugins\/seo\/ -->\n<title>Waxing Schulung - Day Spa Ramstein<\/title>\n<meta name=\"description\" content=\"Ungew\u00fcnschte Haare schnell und einfach entfernen. Dies erlernen Sie in meiner Haarentfernung Schulung. Erfahren Sie mehr!\" \/>\n<meta name=\"robots\" content=\"index, follow, max-snippet:-1, max-image-preview:large, max-video-preview:-1\" \/>\n<link rel=\"canonical\" href=\"https:\/\/www.day-spa-ramstein.de\/waxing-schulung\/\" \/>\n<meta property=\"og:locale\" content=\"en_US\" \/>\n<meta property=\"og:type\" content=\"article\" \/>\n<meta property=\"og:title\" content=\"Waxing Schulung - Day Spa Ramstein\" \/>\n<meta property=\"og:description\" content=\"Ungew\u00fcnschte Haare schnell und einfach entfernen. Dies erlernen Sie in meiner Haarentfernung Schulung. Erfahren Sie mehr!\" \/>\n<meta property=\"og:url\" content=\"https:\/\/www.day-spa-ramstein.de\/waxing-schulung\/\" \/>\n<meta property=\"og:site_name\" content=\"Day Spa Ramstein\" \/>\n<meta property=\"article:modified_time\" content=\"2025-07-17T04:24:25+00:00\" \/>\n<meta property=\"og:image\" content=\"https:\/\/www.day-spa-ramstein.de\/wp-content\/uploads\/2017\/03\/Schulung_Waxing_ElkesDaySpa_Ramstein_3-1024x529.jpg\" \/>\n<meta name=\"twitter:card\" content=\"summary_large_image\" \/>\n<meta name=\"twitter:label1\" content=\"Est. reading time\" \/>\n\t<meta name=\"twitter:data1\" content=\"4 minutes\" \/>\n<script type=\"application\/ld+json\" class=\"yoast-schema-graph\">{\"@context\":\"https:\/\/schema.org\",\"@graph\":[{\"@type\":\"WebPage\",\"@id\":\"https:\/\/www.day-spa-ramstein.de\/waxing-schulung\/\",\"url\":\"https:\/\/www.day-spa-ramstein.de\/waxing-schulung\/\",\"name\":\"Waxing Schulung - Day Spa Ramstein\",\"isPartOf\":{\"@id\":\"https:\/\/www.day-spa-ramstein.de\/en\/#website\"},\"datePublished\":\"2017-03-16T09:48:52+00:00\",\"dateModified\":\"2025-07-17T04:24:25+00:00\",\"description\":\"Ungew\u00fcnschte Haare schnell und einfach entfernen. Dies erlernen Sie in meiner Haarentfernung Schulung. Erfahren Sie mehr!\",\"breadcrumb\":{\"@id\":\"https:\/\/www.day-spa-ramstein.de\/waxing-schulung\/#breadcrumb\"},\"inLanguage\":\"en-US\",\"potentialAction\":[{\"@type\":\"ReadAction\",\"target\":[\"https:\/\/www.day-spa-ramstein.de\/waxing-schulung\/\"]}]},{\"@type\":\"BreadcrumbList\",\"@id\":\"https:\/\/www.day-spa-ramstein.de\/waxing-schulung\/#breadcrumb\",\"itemListElement\":[{\"@type\":\"ListItem\",\"position\":1,\"name\":\"Home\",\"item\":\"https:\/\/www.day-spa-ramstein.de\/en\/\"},{\"@type\":\"ListItem\",\"position\":2,\"name\":\"Waxing Schulung\"}]},{\"@type\":\"WebSite\",\"@id\":\"https:\/\/www.day-spa-ramstein.de\/en\/#website\",\"url\":\"https:\/\/www.day-spa-ramstein.de\/en\/\",\"name\":\"Day Spa Ramstein\",\"description\":\"Ausbildungszentrum, Kosmetikk, Wellness\",\"potentialAction\":[{\"@type\":\"SearchAction\",\"target\":{\"@type\":\"EntryPoint\",\"urlTemplate\":\"https:\/\/www.day-spa-ramstein.de\/en\/?s={search_term_string}\"},\"query-input\":\"required name=search_term_string\"}],\"inLanguage\":\"en-US\"}]}<\/script>\n<!-- \/ Yoast SEO plugin. -->","yoast_head_json":{"title":"Waxing Schulung - Day Spa Ramstein","description":"Ungew\u00fcnschte Haare schnell und einfach entfernen. Dies erlernen Sie in meiner Haarentfernung Schulung. Erfahren Sie mehr!","robots":{"index":"index","follow":"follow","max-snippet":"max-snippet:-1","max-image-preview":"max-image-preview:large","max-video-preview":"max-video-preview:-1"},"canonical":"https:\/\/www.day-spa-ramstein.de\/waxing-schulung\/","og_locale":"en_US","og_type":"article","og_title":"Waxing Schulung - Day Spa Ramstein","og_description":"Ungew\u00fcnschte Haare schnell und einfach entfernen. Dies erlernen Sie in meiner Haarentfernung Schulung. Erfahren Sie mehr!","og_url":"https:\/\/www.day-spa-ramstein.de\/waxing-schulung\/","og_site_name":"Day Spa Ramstein","article_modified_time":"2025-07-17T04:24:25+00:00","og_image":[{"url":"https:\/\/www.day-spa-ramstein.de\/wp-content\/uploads\/2017\/03\/Schulung_Waxing_ElkesDaySpa_Ramstein_3-1024x529.jpg"}],"twitter_card":"summary_large_image","twitter_misc":{"Est. reading time":"4 minutes"},"schema":{"@context":"https:\/\/schema.org","@graph":[{"@type":"WebPage","@id":"https:\/\/www.day-spa-ramstein.de\/waxing-schulung\/","url":"https:\/\/www.day-spa-ramstein.de\/waxing-schulung\/","name":"Waxing Schulung - Day Spa Ramstein","isPartOf":{"@id":"https:\/\/www.day-spa-ramstein.de\/en\/#website"},"datePublished":"2017-03-16T09:48:52+00:00","dateModified":"2025-07-17T04:24:25+00:00","description":"Ungew\u00fcnschte Haare schnell und einfach entfernen. Dies erlernen Sie in meiner Haarentfernung Schulung. Erfahren Sie mehr!","breadcrumb":{"@id":"https:\/\/www.day-spa-ramstein.de\/waxing-schulung\/#breadcrumb"},"inLanguage":"en-US","potentialAction":[{"@type":"ReadAction","target":["https:\/\/www.day-spa-ramstein.de\/waxing-schulung\/"]}]},{"@type":"BreadcrumbList","@id":"https:\/\/www.day-spa-ramstein.de\/waxing-schulung\/#breadcrumb","itemListElement":[{"@type":"ListItem","position":1,"name":"Home","item":"https:\/\/www.day-spa-ramstein.de\/en\/"},{"@type":"ListItem","position":2,"name":"Waxing Schulung"}]},{"@type":"WebSite","@id":"https:\/\/www.day-spa-ramstein.de\/en\/#website","url":"https:\/\/www.day-spa-ramstein.de\/en\/","name":"Day Spa Ramstein","description":"Ausbildungszentrum, Kosmetikk, Wellness","potentialAction":[{"@type":"SearchAction","target":{"@type":"EntryPoint","urlTemplate":"https:\/\/www.day-spa-ramstein.de\/en\/?s={search_term_string}"},"query-input":"required name=search_term_string"}],"inLanguage":"en-US"}]}},"_links":{"self":[{"href":"https:\/\/www.day-spa-ramstein.de\/en\/wp-json\/wp\/v2\/pages\/1406"}],"collection":[{"href":"https:\/\/www.day-spa-ramstein.de\/en\/wp-json\/wp\/v2\/pages"}],"about":[{"href":"https:\/\/www.day-spa-ramstein.de\/en\/wp-json\/wp\/v2\/types\/page"}],"author":[{"embeddable":true,"href":"https:\/\/www.day-spa-ramstein.de\/en\/wp-json\/wp\/v2\/users\/2"}],"replies":[{"embeddable":true,"href":"https:\/\/www.day-spa-ramstein.de\/en\/wp-json\/wp\/v2\/comments?post=1406"}],"version-history":[{"count":14,"href":"https:\/\/www.day-spa-ramstein.de\/en\/wp-json\/wp\/v2\/pages\/1406\/revisions"}],"predecessor-version":[{"id":5952,"href":"https:\/\/www.day-spa-ramstein.de\/en\/wp-json\/wp\/v2\/pages\/1406\/revisions\/5952"}],"wp:attachment":[{"href":"https:\/\/www.day-spa-ramstein.de\/en\/wp-json\/wp\/v2\/media?parent=1406"}],"curies":[{"name":"wp","href":"https:\/\/api.w.org\/{rel}","templated":true}]}}