{"id":1410,"date":"2017-03-16T10:49:22","date_gmt":"2017-03-16T09:49:22","guid":{"rendered":"https:\/\/www.day-spa-ramstein.de\/?page_id=1410"},"modified":"2022-11-03T08:20:22","modified_gmt":"2022-11-03T07:20:22","slug":"permanent-make-up-schulung","status":"publish","type":"page","link":"https:\/\/www.day-spa-ramstein.de\/en\/permanent-make-up-schulung\/","title":{"rendered":"Permanent Make-Up Schulung"},"content":{"rendered":"<p>[vc_row][vc_column][vc_column_text]<img loading=\"lazy\" class=\"alignnone size-large wp-image-2853\" src=\"https:\/\/www.day-spa-ramstein.de\/wp-content\/uploads\/2017\/03\/Schulung_PermanentMakeUp_ElkesDaySpa_Ramstein_3-1024x529.jpg\" alt=\"Bilden Sie sich weiter, mit einer Permanent Make-Up Schulung bei Elkes Day Spa!\" width=\"967\" height=\"500\" srcset=\"https:\/\/www.day-spa-ramstein.de\/wp-content\/uploads\/2017\/03\/Schulung_PermanentMakeUp_ElkesDaySpa_Ramstein_3-1024x529.jpg 1024w, https:\/\/www.day-spa-ramstein.de\/wp-content\/uploads\/2017\/03\/Schulung_PermanentMakeUp_ElkesDaySpa_Ramstein_3-600x310.jpg 600w, https:\/\/www.day-spa-ramstein.de\/wp-content\/uploads\/2017\/03\/Schulung_PermanentMakeUp_ElkesDaySpa_Ramstein_3-300x155.jpg 300w, https:\/\/www.day-spa-ramstein.de\/wp-content\/uploads\/2017\/03\/Schulung_PermanentMakeUp_ElkesDaySpa_Ramstein_3-768x397.jpg 768w, https:\/\/www.day-spa-ramstein.de\/wp-content\/uploads\/2017\/03\/Schulung_PermanentMakeUp_ElkesDaySpa_Ramstein_3-370x191.jpg 370w, https:\/\/www.day-spa-ramstein.de\/wp-content\/uploads\/2017\/03\/Schulung_PermanentMakeUp_ElkesDaySpa_Ramstein_3-1200x620.jpg 1200w, https:\/\/www.day-spa-ramstein.de\/wp-content\/uploads\/2017\/03\/Schulung_PermanentMakeUp_ElkesDaySpa_Ramstein_3-360x186.jpg 360w, https:\/\/www.day-spa-ramstein.de\/wp-content\/uploads\/2017\/03\/Schulung_PermanentMakeUp_ElkesDaySpa_Ramstein_3.jpg 1524w\" sizes=\"(max-width: 967px) 100vw, 967px\" \/>[\/vc_column_text][\/vc_column][\/vc_row][vc_row][vc_column][vc_column_text]<\/p>\n<h2>Permanent Make-up<\/h2>\n<h4>\u2013 Nat\u00fcrlich pigmentieren lernen<\/h4>\n<p>[\/vc_column_text][\/vc_column][\/vc_row][vc_row css=&#8221;.vc_custom_1494840352941{margin-top: 60px !important;}&#8221;][vc_column width=&#8221;1\/2&#8243;][vc_column_text]<strong>Permanent Make-up\u00a0Schulung<\/strong><\/p>\n<p>In meinen Permanent Make-up Schulungen lernen Sie, wie Sie das dauerhafte Make-up auftragen, um einen nat\u00fcrlich sch\u00f6nen Look zu erzeugen. Ich\u00a0vermittel Ihnen in meinen\u00a0Kursen, dass Pigmentierung nicht gleich Pigmentierung ist. Dabei lernen Sie auf besonders nat\u00fcrliche Weise zu pigmentieren. Gerade bei den Augenbrauen setzt man heute auf ein realistisches Aussehen, wobei ich\u00a0auf Techniken zur\u00fcckgreifen, die einen 3-D-H\u00e4rcheneffekt erzielen. Auf diese Weise lassen sich die pigmentierten H\u00e4rchen nicht von den eigenen vorhandenen unterscheiden.\u00a0Zudem bringe ich\u00a0Ihnen bei, wie Sie vorhandenes Permanent Make-up korrigieren k\u00f6nnen.<\/p>\n<p><strong>Sicherer Umgang mit der permanenten Pigmentierung<\/strong><br \/>\nIn den Kursen mache ich Sie mit dem Umgang von Farbpigmenten vertraut, die zugelassen sind und der EEC-Verordnung entsprechen. In den Einzelschulungen kommen moderne Ger\u00e4te aus deutscher Produktion zum Einsatz, mit denen eine hygienische und schonende Behandlung m\u00f6glich ist.<\/p>\n<p>So lernen Sie Augen, Augenbrauen oder Lippen mit nat\u00fcrlich wirkenden Farbpigmenten zu betonen. Meine\u00a0Kurse finden ausschlie\u00dflich als Einzeltraining statt. <strong>F\u00fcr den praktischen Teil der Schulung bitte ein Modell mitbringen.<\/strong> Rufen Sie mich gerne an und vereinbaren Sie einen Schulungstermin![\/vc_column_text][\/vc_column][vc_column width=&#8221;1\/2&#8243;][vc_column_text]<strong>Inhalte:<\/strong><\/p>\n<ul>\n<li>Was ist Permanent Make-up<\/li>\n<li>Haltbarkeit<\/li>\n<li>Hygienevorschriften<\/li>\n<li>Gesichtsformen<\/li>\n<li>Formgebung Augenbrauen, Lidstrich und Lippen<\/li>\n<li>Lidstrich und Lippen<\/li>\n<li>Beratungsgespr\u00e4ch, Einverst\u00e4ndniserkl\u00e4rung, Kundeninformationen, Risiken und deren Vermeidung<\/li>\n<li>Behandlungsablauf<\/li>\n<li>Ger\u00e4t, Nadel und Hygienemodul<\/li>\n<li>Beratungsgespr\u00e4ch Einverst\u00e4ndniserkl\u00e4rung<\/li>\n<li>Vorzeichnung und Korrektur der Augenbrauen<\/li>\n<li>Farben \/ Zusammensetzung \/ Farbenlehre \/ Haltbarkeit \/ Farbver\u00e4nderung<\/li>\n<li>erstes Pigmentieren auf \u00dcbungsmatte<\/li>\n<li>Wann darf PM nicht angewandt werden?<\/li>\n<li>1x Lidstriche\/Wimpernkranzverdichtung<\/li>\n<li>1x Lippenkontur\/-Schattierung<\/li>\n<li>Abschluss und Zertifizierung<\/li>\n<li>inkl. Getr\u00e4nke und Snack<\/li>\n<\/ul>\n<p>[\/vc_column_text][\/vc_column][\/vc_row][vc_row css=&#8221;.vc_custom_1494835722392{margin-top: 60px !important;}&#8221;][vc_column][vc_column_text]<\/p>\n<h3>Kosten:\u00a0Grundausbildung Permanent Make-up<\/h3>\n<p>Intensivschulung 1 Tag:\u00a0<strong>\u20ac 1300<\/strong> zzgl. 16% MwSt<\/p>\n<p>&nbsp;<\/p>\n<p>&nbsp;<\/p>\n<p><em><strong>Hinweis zur Anmeldung:<\/strong><\/em><\/p>\n<div class=\"vc_row wpb_row vc_row-fluid vc_custom_1494835651695\">\n<div class=\"wpb_column vc_column_container vc_col-sm-6\">\n<div class=\"vc_column-inner \">\n<div class=\"wpb_wrapper\">\n<div class=\"wpb_text_column wpb_content_element \">\n<div class=\"wpb_wrapper\">\n<p><em>Bei Buchung der Schulung ist eine Anzahlung von 30% der Schulungsgeb\u00fchr zu leisten, um Ihre Platzreservierung garantieren zu k\u00f6nnen.\u00a0Bei Absagen bis sp\u00e4testens 48 Stunden vor dem Termin entstehen Ihnen keine Kosten. Ansonsten muss der nicht wahrgenommene Termin, gleich, aus welchen Gr\u00fcnden, auch Krankheit mit 30 % der Schulungsgeb\u00fchr berechnet werden. Die Kurse finden ausschlie\u00dflich Samstags statt. F\u00fcr eine genaue Terminierung rufen Sie uns bitte an oder schreiben Sie uns eine E-Mail.\u00a0Ich w\u00fcrde mich freuen Sie bei mir begr\u00fc\u00dfen zu k\u00f6nnen.<\/em><\/p>\n<\/div>\n<\/div>\n<\/div>\n<\/div>\n<\/div>\n<\/div>\n<p>[\/vc_column_text][\/vc_column][\/vc_row][vc_row full_width=&#8221;stretch_row&#8221; content_placement=&#8221;middle&#8221; parallax=&#8221;content-moving&#8221; css=&#8221;.vc_custom_1494498079221{margin-top: 40px !important;margin-bottom: -100px !important;background-image: url(https:\/\/www.day-spa-ramstein.de\/wp-content\/uploads\/2017\/05\/Bananenblatt_ElkesDaySpa_Ramstein_titel.jpg?id=1779) !important;}&#8221;][vc_column width=&#8221;1\/2&#8243;][vc_column_text css=&#8221;.vc_custom_1494840503608{margin-bottom: 35px !important;}&#8221;]<\/p>\n<h4><span style=\"color: #ffffff;\">Weiterbildung und Weiterentwicklung sind sehr wichtig im Leben. Erlernen Sie die Kunst des Pigmentierend mit Permanent Make-Up und lassen Sie sich zertifizieren!<\/span><\/h4>\n<p>[\/vc_column_text][\/vc_column][vc_column width=&#8221;1\/2&#8243;][vc_column_text css=&#8221;.vc_custom_1494499757677{margin-bottom: 20px !important;}&#8221;]<a target=\"_self\" href=\"https:\/\/www.day-spa-ramstein.de\/kontakt\/\" class=\"btn btn-lg style-1\" id=\"custom-id-0\" style=\"\">Jetzt Kurs buchen<\/a>[\/vc_column_text][\/vc_column][\/vc_row]<\/p>\n","protected":false},"excerpt":{"rendered":"<p>[vc_row][vc_column][vc_column_text][\/vc_column_text][\/vc_column][\/vc_row][vc_row][vc_column][vc_column_text] Permanent Make-up \u2013 Nat\u00fcrlich pigmentieren lernen [\/vc_column_text][\/vc_column][\/vc_row][vc_row css=&#8221;.vc_custom_1494840352941{margin-top: 60px !important;}&#8221;][vc_column width=&#8221;1\/2&#8243;][vc_column_text]Permanent Make-up\u00a0Schulung In meinen Permanent Make-up Schulungen lernen Sie, wie Sie das dauerhafte Make-up auftragen, um einen nat\u00fcrlich sch\u00f6nen Look zu erzeugen. Ich\u00a0vermittel Ihnen in meinen\u00a0Kursen, dass Pigmentierung nicht&#8230;<\/p>\n","protected":false},"author":2,"featured_media":0,"parent":0,"menu_order":0,"comment_status":"closed","ping_status":"closed","template":"","meta":{"_exactmetrics_skip_tracking":false,"_exactmetrics_sitenote_active":false,"_exactmetrics_sitenote_note":"","_exactmetrics_sitenote_category":0},"yoast_head":"<!-- This site is optimized with the Yoast SEO plugin v20.6 - https:\/\/yoast.com\/wordpress\/plugins\/seo\/ -->\n<title>Permanent Make-Up Schulung - Day Spa Ramstein<\/title>\n<meta name=\"description\" content=\"Betonen Sie die Sch\u00f6nheit Ihrer Kunden durch Permanent Make-Up. In meiner Permanent Make-Up Schulung vermittele ich Ihnen fundierte Kenntnisse zur Anwendung\" \/>\n<meta name=\"robots\" content=\"index, follow, max-snippet:-1, max-image-preview:large, max-video-preview:-1\" \/>\n<link rel=\"canonical\" href=\"https:\/\/www.day-spa-ramstein.de\/permanent-make-up-schulung\/\" \/>\n<meta property=\"og:locale\" content=\"en_US\" \/>\n<meta property=\"og:type\" content=\"article\" \/>\n<meta property=\"og:title\" content=\"Permanent Make-Up Schulung - Day Spa Ramstein\" \/>\n<meta property=\"og:description\" content=\"Betonen Sie die Sch\u00f6nheit Ihrer Kunden durch Permanent Make-Up. In meiner Permanent Make-Up Schulung vermittele ich Ihnen fundierte Kenntnisse zur Anwendung\" \/>\n<meta property=\"og:url\" content=\"https:\/\/www.day-spa-ramstein.de\/permanent-make-up-schulung\/\" \/>\n<meta property=\"og:site_name\" content=\"Day Spa Ramstein\" \/>\n<meta property=\"article:modified_time\" content=\"2022-11-03T07:20:22+00:00\" \/>\n<meta property=\"og:image\" content=\"https:\/\/www.day-spa-ramstein.de\/wp-content\/uploads\/2017\/03\/Schulung_PermanentMakeUp_ElkesDaySpa_Ramstein_3-1024x529.jpg\" \/>\n<meta name=\"twitter:card\" content=\"summary_large_image\" \/>\n<meta name=\"twitter:label1\" content=\"Est. reading time\" \/>\n\t<meta name=\"twitter:data1\" content=\"3 minutes\" \/>\n<script type=\"application\/ld+json\" class=\"yoast-schema-graph\">{\"@context\":\"https:\/\/schema.org\",\"@graph\":[{\"@type\":\"WebPage\",\"@id\":\"https:\/\/www.day-spa-ramstein.de\/permanent-make-up-schulung\/\",\"url\":\"https:\/\/www.day-spa-ramstein.de\/permanent-make-up-schulung\/\",\"name\":\"Permanent Make-Up Schulung - Day Spa Ramstein\",\"isPartOf\":{\"@id\":\"https:\/\/www.day-spa-ramstein.de\/en\/#website\"},\"datePublished\":\"2017-03-16T09:49:22+00:00\",\"dateModified\":\"2022-11-03T07:20:22+00:00\",\"description\":\"Betonen Sie die Sch\u00f6nheit Ihrer Kunden durch Permanent Make-Up. In meiner Permanent Make-Up Schulung vermittele ich Ihnen fundierte Kenntnisse zur Anwendung\",\"breadcrumb\":{\"@id\":\"https:\/\/www.day-spa-ramstein.de\/permanent-make-up-schulung\/#breadcrumb\"},\"inLanguage\":\"en-US\",\"potentialAction\":[{\"@type\":\"ReadAction\",\"target\":[\"https:\/\/www.day-spa-ramstein.de\/permanent-make-up-schulung\/\"]}]},{\"@type\":\"BreadcrumbList\",\"@id\":\"https:\/\/www.day-spa-ramstein.de\/permanent-make-up-schulung\/#breadcrumb\",\"itemListElement\":[{\"@type\":\"ListItem\",\"position\":1,\"name\":\"Home\",\"item\":\"https:\/\/www.day-spa-ramstein.de\/en\/\"},{\"@type\":\"ListItem\",\"position\":2,\"name\":\"Permanent Make-Up Schulung\"}]},{\"@type\":\"WebSite\",\"@id\":\"https:\/\/www.day-spa-ramstein.de\/en\/#website\",\"url\":\"https:\/\/www.day-spa-ramstein.de\/en\/\",\"name\":\"Day Spa Ramstein\",\"description\":\"Ausbildungszentrum, Kosmetikk, Wellness\",\"potentialAction\":[{\"@type\":\"SearchAction\",\"target\":{\"@type\":\"EntryPoint\",\"urlTemplate\":\"https:\/\/www.day-spa-ramstein.de\/en\/?s={search_term_string}\"},\"query-input\":\"required name=search_term_string\"}],\"inLanguage\":\"en-US\"}]}<\/script>\n<!-- \/ Yoast SEO plugin. -->","yoast_head_json":{"title":"Permanent Make-Up Schulung - Day Spa Ramstein","description":"Betonen Sie die Sch\u00f6nheit Ihrer Kunden durch Permanent Make-Up. In meiner Permanent Make-Up Schulung vermittele ich Ihnen fundierte Kenntnisse zur Anwendung","robots":{"index":"index","follow":"follow","max-snippet":"max-snippet:-1","max-image-preview":"max-image-preview:large","max-video-preview":"max-video-preview:-1"},"canonical":"https:\/\/www.day-spa-ramstein.de\/permanent-make-up-schulung\/","og_locale":"en_US","og_type":"article","og_title":"Permanent Make-Up Schulung - Day Spa Ramstein","og_description":"Betonen Sie die Sch\u00f6nheit Ihrer Kunden durch Permanent Make-Up. In meiner Permanent Make-Up Schulung vermittele ich Ihnen fundierte Kenntnisse zur Anwendung","og_url":"https:\/\/www.day-spa-ramstein.de\/permanent-make-up-schulung\/","og_site_name":"Day Spa Ramstein","article_modified_time":"2022-11-03T07:20:22+00:00","og_image":[{"url":"https:\/\/www.day-spa-ramstein.de\/wp-content\/uploads\/2017\/03\/Schulung_PermanentMakeUp_ElkesDaySpa_Ramstein_3-1024x529.jpg"}],"twitter_card":"summary_large_image","twitter_misc":{"Est. reading time":"3 minutes"},"schema":{"@context":"https:\/\/schema.org","@graph":[{"@type":"WebPage","@id":"https:\/\/www.day-spa-ramstein.de\/permanent-make-up-schulung\/","url":"https:\/\/www.day-spa-ramstein.de\/permanent-make-up-schulung\/","name":"Permanent Make-Up Schulung - Day Spa Ramstein","isPartOf":{"@id":"https:\/\/www.day-spa-ramstein.de\/en\/#website"},"datePublished":"2017-03-16T09:49:22+00:00","dateModified":"2022-11-03T07:20:22+00:00","description":"Betonen Sie die Sch\u00f6nheit Ihrer Kunden durch Permanent Make-Up. In meiner Permanent Make-Up Schulung vermittele ich Ihnen fundierte Kenntnisse zur Anwendung","breadcrumb":{"@id":"https:\/\/www.day-spa-ramstein.de\/permanent-make-up-schulung\/#breadcrumb"},"inLanguage":"en-US","potentialAction":[{"@type":"ReadAction","target":["https:\/\/www.day-spa-ramstein.de\/permanent-make-up-schulung\/"]}]},{"@type":"BreadcrumbList","@id":"https:\/\/www.day-spa-ramstein.de\/permanent-make-up-schulung\/#breadcrumb","itemListElement":[{"@type":"ListItem","position":1,"name":"Home","item":"https:\/\/www.day-spa-ramstein.de\/en\/"},{"@type":"ListItem","position":2,"name":"Permanent Make-Up Schulung"}]},{"@type":"WebSite","@id":"https:\/\/www.day-spa-ramstein.de\/en\/#website","url":"https:\/\/www.day-spa-ramstein.de\/en\/","name":"Day Spa Ramstein","description":"Ausbildungszentrum, Kosmetikk, Wellness","potentialAction":[{"@type":"SearchAction","target":{"@type":"EntryPoint","urlTemplate":"https:\/\/www.day-spa-ramstein.de\/en\/?s={search_term_string}"},"query-input":"required name=search_term_string"}],"inLanguage":"en-US"}]}},"_links":{"self":[{"href":"https:\/\/www.day-spa-ramstein.de\/en\/wp-json\/wp\/v2\/pages\/1410"}],"collection":[{"href":"https:\/\/www.day-spa-ramstein.de\/en\/wp-json\/wp\/v2\/pages"}],"about":[{"href":"https:\/\/www.day-spa-ramstein.de\/en\/wp-json\/wp\/v2\/types\/page"}],"author":[{"embeddable":true,"href":"https:\/\/www.day-spa-ramstein.de\/en\/wp-json\/wp\/v2\/users\/2"}],"replies":[{"embeddable":true,"href":"https:\/\/www.day-spa-ramstein.de\/en\/wp-json\/wp\/v2\/comments?post=1410"}],"version-history":[{"count":4,"href":"https:\/\/www.day-spa-ramstein.de\/en\/wp-json\/wp\/v2\/pages\/1410\/revisions"}],"predecessor-version":[{"id":5739,"href":"https:\/\/www.day-spa-ramstein.de\/en\/wp-json\/wp\/v2\/pages\/1410\/revisions\/5739"}],"wp:attachment":[{"href":"https:\/\/www.day-spa-ramstein.de\/en\/wp-json\/wp\/v2\/media?parent=1410"}],"curies":[{"name":"wp","href":"https:\/\/api.w.org\/{rel}","templated":true}]}}