{"id":2421,"date":"2017-03-16T10:35:25","date_gmt":"2017-03-16T09:35:25","guid":{"rendered":"https:\/\/www.day-spa-ramstein.de\/permanent-make-up-ramstein\/"},"modified":"2025-01-05T10:02:26","modified_gmt":"2025-01-05T09:02:26","slug":"permanent-make-up-ramstein","status":"publish","type":"page","link":"https:\/\/www.day-spa-ramstein.de\/en\/permanent-make-up-ramstein\/","title":{"rendered":"Permanent Make-up"},"content":{"rendered":"<p>[vc_row][vc_column][vc_column_text]<\/p>\n<h1><img loading=\"lazy\" class=\"alignnone wp-image-2823 size-large\" src=\"https:\/\/www.day-spa-ramstein.de\/wp-content\/uploads\/2017\/03\/Permanent_Makeup_ElkesDaySpa_Ramstein-1_2-1024x529.jpg\" alt=\"With permanent make-up you dont have to put on makeup everyday.\" width=\"967\" height=\"500\" srcset=\"https:\/\/www.day-spa-ramstein.de\/wp-content\/uploads\/2017\/03\/Permanent_Makeup_ElkesDaySpa_Ramstein-1_2-1024x529.jpg 1024w, https:\/\/www.day-spa-ramstein.de\/wp-content\/uploads\/2017\/03\/Permanent_Makeup_ElkesDaySpa_Ramstein-1_2-600x310.jpg 600w, https:\/\/www.day-spa-ramstein.de\/wp-content\/uploads\/2017\/03\/Permanent_Makeup_ElkesDaySpa_Ramstein-1_2-300x155.jpg 300w, https:\/\/www.day-spa-ramstein.de\/wp-content\/uploads\/2017\/03\/Permanent_Makeup_ElkesDaySpa_Ramstein-1_2-768x397.jpg 768w, https:\/\/www.day-spa-ramstein.de\/wp-content\/uploads\/2017\/03\/Permanent_Makeup_ElkesDaySpa_Ramstein-1_2-370x191.jpg 370w, https:\/\/www.day-spa-ramstein.de\/wp-content\/uploads\/2017\/03\/Permanent_Makeup_ElkesDaySpa_Ramstein-1_2-1200x620.jpg 1200w, https:\/\/www.day-spa-ramstein.de\/wp-content\/uploads\/2017\/03\/Permanent_Makeup_ElkesDaySpa_Ramstein-1_2-360x186.jpg 360w, https:\/\/www.day-spa-ramstein.de\/wp-content\/uploads\/2017\/03\/Permanent_Makeup_ElkesDaySpa_Ramstein-1_2.jpg 1524w\" sizes=\"(max-width: 967px) 100vw, 967px\" \/><\/h1>\n<h1>Permanent Make-up&#8230;<\/h1>\n<h4>&#8230;offers you the long-lasting pleasure of always having great looking eyebrows, eyeliner and lips.<\/h4>\n<p>[\/vc_column_text][\/vc_column][\/vc_row][vc_row css=&#8221;.vc_custom_1493027981501{padding-top: 50px !important;}&#8221;][vc_column width=&#8221;1\/2&#8243;][vc_column_text]PMU\u00a0stands for Permanent Make-up, also known as micropigmentation. Some people refer to micropigmentation as cosmetic tattooing, which is incorrect. The principle seems to be similar to tattooing in that a pigment is implanted into the skin, but the techniques, pigments and devices are quite different. Terms such as \u2018eyebrow tattooing\u2019 or \u2018eyeliner tattoo\u2019 give the wrong impression and should therefore be avoided.<\/p>\n<p>Permanent Make-up or micropigmentation can be used to accentuate strong points and correct or camouflage defects. Micropigmentation has many applications, but the most popular are:<\/p>\n<p>Eyebrows \u2013 hair stroke or shaded<br \/>\nLips \u2013 lip liner<br \/>\nEyes \u2013 eyeliner[\/vc_column_text][vc_empty_space height=&#8221;50&#8243;][vc_column_text]<img loading=\"lazy\" class=\"alignnone wp-image-2125 size-full\" src=\"https:\/\/www.day-spa-ramstein.de\/wp-content\/uploads\/2017\/03\/PermanentMakeup_ElkesDaySpa_Ramstein.jpg\" alt=\"Permanent Make-Up offers you the long-lasting pleasure of always having great looking eyebrows, eyeliner and lips!\" width=\"773\" height=\"847\" srcset=\"https:\/\/www.day-spa-ramstein.de\/wp-content\/uploads\/2017\/03\/PermanentMakeup_ElkesDaySpa_Ramstein.jpg 773w, https:\/\/www.day-spa-ramstein.de\/wp-content\/uploads\/2017\/03\/PermanentMakeup_ElkesDaySpa_Ramstein-600x657.jpg 600w, https:\/\/www.day-spa-ramstein.de\/wp-content\/uploads\/2017\/03\/PermanentMakeup_ElkesDaySpa_Ramstein-274x300.jpg 274w, https:\/\/www.day-spa-ramstein.de\/wp-content\/uploads\/2017\/03\/PermanentMakeup_ElkesDaySpa_Ramstein-768x842.jpg 768w, https:\/\/www.day-spa-ramstein.de\/wp-content\/uploads\/2017\/03\/PermanentMakeup_ElkesDaySpa_Ramstein-329x360.jpg 329w, https:\/\/www.day-spa-ramstein.de\/wp-content\/uploads\/2017\/03\/PermanentMakeup_ElkesDaySpa_Ramstein-360x394.jpg 360w\" sizes=\"(max-width: 773px) 100vw, 773px\" \/>[\/vc_column_text][\/vc_column][vc_column width=&#8221;1\/2&#8243;][vc_column_text]<strong>Permanent Make-up\u00a0\u2013 Eyebrows<\/strong><\/p>\n<p>The eyebrows are perhaps the most important part of the face: they frame the eyes and give the face expression. Eyebrows that are too light, too thin or non-existent can be naturally enhanced and improved with micropigmentation. For example, using hair stroke or shading methods, depending on the client\u2019s wishes and skin type. The latest technique for eyebrows in permanent make-up is the hair stroke technique. It is used for creating the most natural brows possible. As each individual hair is pigmented separately, it is far more natural looking than a solid fill.<\/p>\n<p><strong>Permanent Make-up \u2013 Lips<\/strong><\/p>\n<p>Skin aging can cause the lip contours to fade. A natural lip liner can permanently restore the shape of your lips and gives your lip line more definition. A PMU lip liner can also correct asymmetrical lip lines for a more proportionately shaped mouth. The so-called \u2018full lips\u2019 color treatment gives a natural color to pale or faded lips.<\/p>\n<p><strong>Permanent Make-up<\/strong> <strong>\u2013 Eyes<\/strong><\/p>\n<p>Eyeliner is the easiest way to enhance the beauty and expression of the eyes \u2013 whether a subtle liner on just the top, the bottom or both the top and bottom. Permanent eyeliner gives a natural look that is more subtle and neat than regular make-up. The great benefit of permanent make-up is that it won\u2019t smudge throughout the day. Permanent make-up stays perfectly in place day in day out, from early in the morning till late at night, on vacation, in the sauna and while working out.[\/vc_column_text][\/vc_column][\/vc_row][vc_row css=&#8221;.vc_custom_1493978159990{margin-top: 60px !important;}&#8221;][vc_column]<ul class='nav nav-tabs pricing-nav-tabs'><li class='active'><a href=\"#permanent-make-up-en\" data-toggle=\"tab\">Permanent make-up<\/a><\/li><\/ul><div class='pricing-tab-content tab-content'><div id=\"permanent-make-up-en\" class=\"row tab-pane active\"><div class='pricing-item col-md-12'><div class=\"pricing-item-header\"><h3 class='pricing-item-title'>Lines top and bottom<\/h3><span class=\"pricing-item-divider\"><\/span><span class=\"pricing-item-price\">\u20ac 270<\/span><\/div><\/div><div class='pricing-item col-md-12'><div class=\"pricing-item-header\"><h3 class='pricing-item-title'>Line at the top<\/h3><span class=\"pricing-item-divider\"><\/span><span class=\"pricing-item-price\">\u20ac 185<\/span><\/div><\/div><div class='pricing-item col-md-12'><div class=\"pricing-item-header\"><h3 class='pricing-item-title'>Line bottom<\/h3><span class=\"pricing-item-divider\"><\/span><span class=\"pricing-item-price\">\u20ac 145<\/span><\/div><\/div><div class='pricing-item col-md-12'><div class=\"pricing-item-header\"><h3 class='pricing-item-title'>Eyeliner with wider lines on top<\/h3><span class=\"pricing-item-divider\"><\/span><span class=\"pricing-item-price\">\u20ac 250<\/span><\/div><\/div><div class='pricing-item col-md-12'><div class=\"pricing-item-header\"><h3 class='pricing-item-title'>Eyelash thickening bottom<\/h3><span class=\"pricing-item-divider\"><\/span><span class=\"pricing-item-price\">\u20ac 145<\/span><\/div><p>In the case of non-exisiting or very light eyelashes. Emphasis of the eyelid wreath when eyeliner is not desired!<\/p>\n<\/div><div class='pricing-item col-md-12'><div class=\"pricing-item-header\"><h3 class='pricing-item-title'>Lips<\/h3><span class=\"pricing-item-divider\"><\/span><span class=\"pricing-item-price\">\u20ac 290<\/span><\/div><p>Lip outline with shading<\/p>\n<\/div><div class='pricing-item col-md-12'><div class=\"pricing-item-header\"><h3 class='pricing-item-title'>Powder Brows<\/h3><span class=\"pricing-item-divider\"><\/span><span class=\"pricing-item-price\"> \u20ac 300<\/span><\/div><\/div><div class='pricing-item col-md-12'><div class=\"pricing-item-header\"><h3 class='pricing-item-title'>Lash thickening on the top<\/h3><span class=\"pricing-item-divider\"><\/span><span class=\"pricing-item-price\">\u20ac 185<\/span><\/div><\/div><div class='pricing-item col-md-12'><div class=\"pricing-item-header\"><h3 class='pricing-item-title'>Lip outline<\/h3><span class=\"pricing-item-divider\"><\/span><span class=\"pricing-item-price\">\u20ac 270<\/span><\/div><\/div><div class='pricing-item col-md-12'><div class=\"pricing-item-header\"><h3 class='pricing-item-title'>Eyeliner with wider lines on top and normal line bottom<\/h3><span class=\"pricing-item-divider\"><\/span><span class=\"pricing-item-price\">\u20ac 300<\/span><\/div><\/div><\/div><\/div>[vc_column_text]<\/p>\n<h4><strong><span style=\"color: #ff0000;\">Follow-up treatments for lips, eyeliner and eyebrows:<\/span><\/strong><\/h4>\n<p><strong>2 touch ups within 6 weeks is included in the price.<\/strong><\/p>\n<p><strong>Touch up once a year \u00a0 \u00a0 \u00a0 \u00a089 \u00a0\u20ac<\/strong><\/p>\n<p><strong>Touch up after 2 years \u00a0 \u00a0 129 \u20ac<\/strong>[\/vc_column_text][vc_column_text][\/vc_column_text][vc_column_text][\/vc_column_text][vc_column_text][\/vc_column_text][vc_separator][\/vc_column][\/vc_row][vc_row][vc_column][vc_column_text][\/vc_column_text][vc_column_text][\/vc_column_text]<div class=\"panel-group\" id=\"accordion1\"><div class=\"panel\">\n                <div class=\"panel-heading\">\n                    <h4 class=\"panel-title\">\n                        <a data-toggle=\"collapse\"  class='collapsed' href=\"#collapse1\">Does it hurt?<\/a>\n                    <\/h4>\n                <\/div>\n                <div id=\"collapse1\" class=\"panel-collapse collapse\">\n                    <div class=\"panel-body\">[vc_column_text]<\/p>\n<p style=\"text-align: left;\">Permanent make-up in Elke&#8217;s Day Spa is not completely painless, but is generally not perceived as pain. Thanks to the anesthetic creams there is minimal discomfort. Every customer is different,\u00a0some will feel scratching\u00a0some will feel a strong hurts and some feel very less.<br \/>\nBut you know:<br \/>\nBeauty is unfortunately sometimes painful!<\/p>\n<p>[\/vc_column_text]<\/div>\n                <\/div>\n            <\/div><div class=\"panel\">\n                <div class=\"panel-heading\">\n                    <h4 class=\"panel-title\">\n                        <a data-toggle=\"collapse\"  class='collapsed' href=\"#collapse2\">For who is permanent makeup suitable?<\/a>\n                    <\/h4>\n                <\/div>\n                <div id=\"collapse2\" class=\"panel-collapse collapse\">\n                    <div class=\"panel-body\">[vc_column_text]Almost everyone. Women and men who want to look great at any moment of the day, for those who need corrections, for people with allergies to regular makeup, for people who are active in sports. Permanent makeup is accepted by each population group.[\/vc_column_text]<\/div>\n                <\/div>\n            <\/div><div class=\"panel\">\n                <div class=\"panel-heading\">\n                    <h4 class=\"panel-title\">\n                        <a data-toggle=\"collapse\"  class='collapsed' href=\"#collapse3\">How long does permanent make up stay?<\/a>\n                    <\/h4>\n                <\/div>\n                <div id=\"collapse3\" class=\"panel-collapse collapse\">\n                    <div class=\"panel-body\">[vc_column_text]In general, Permanent Make-up will always be present. The intensity of yourPermanent Make-up fades in the course of time. However, this is completely dependent from person to person. This is partly due to the natural cell renewal, the immune system and the influence of UV light.[\/vc_column_text]<\/div>\n                <\/div>\n            <\/div><div class=\"panel\">\n                <div class=\"panel-heading\">\n                    <h4 class=\"panel-title\">\n                        <a data-toggle=\"collapse\"  class='collapsed' href=\"#collapse4\">If I don\u2019t like Permanent Make-Up, then what?<\/a>\n                    <\/h4>\n                <\/div>\n                <div id=\"collapse4\" class=\"panel-collapse collapse\">\n                    <div class=\"panel-body\">[vc_column_text]This has never happened. Before we start with application, the shape will be drawn. You can choose the color that suits you best. Only when everything is to your complete satisfaction, the pigmentation procedure will begin.[\/vc_column_text]<\/div>\n                <\/div>\n            <\/div><div class=\"panel\">\n                <div class=\"panel-heading\">\n                    <h4 class=\"panel-title\">\n                        <a data-toggle=\"collapse\"  class='collapsed' href=\"#collapse5\">Can I still apply regular make-up?<\/a>\n                    <\/h4>\n                <\/div>\n                <div id=\"collapse5\" class=\"panel-collapse collapse\">\n                    <div class=\"panel-body\">[vc_column_text]Absolutely. Permanent Make-up is not intended as replacement for evening makeup, it serves in particular to accentuate. Additional make-up can always be applied for a evening out.[\/vc_column_text]<\/div>\n                <\/div>\n            <\/div><div class=\"panel\">\n                <div class=\"panel-heading\">\n                    <h4 class=\"panel-title\">\n                        <a data-toggle=\"collapse\"  class='collapsed' href=\"#collapse6\">How long does the treatment take?<\/a>\n                    <\/h4>\n                <\/div>\n                <div id=\"collapse6\" class=\"panel-collapse collapse\">\n                    <div class=\"panel-body\">[vc_column_text]Generally it takes about 1 to 1\u00bd hours, including the consultation, drawing the shape, color choice and pigmentation procedure.[\/vc_column_text]<\/div>\n                <\/div>\n            <\/div><div class=\"panel\">\n                <div class=\"panel-heading\">\n                    <h4 class=\"panel-title\">\n                        <a data-toggle=\"collapse\"  class='collapsed' href=\"#collapse7\">Is there any special after care?<\/a>\n                    <\/h4>\n                <\/div>\n                <div id=\"collapse7\" class=\"panel-collapse collapse\">\n                    <div class=\"panel-body\">[vc_column_text]Basically after the application of Permanent Make-up there is no special after care needed. To ensure that your permanent make-up will be optimal, i will give you guidelines for after care during the healing of the skin.[\/vc_column_text]<\/div>\n                <\/div>\n            <\/div><div class=\"panel\">\n                <div class=\"panel-heading\">\n                    <h4 class=\"panel-title\">\n                        <a data-toggle=\"collapse\"  class='collapsed' href=\"#collapse8\">Is the end result immediately visible?<\/a>\n                    <\/h4>\n                <\/div>\n                <div id=\"collapse8\" class=\"panel-collapse collapse\">\n                    <div class=\"panel-body\">[vc_column_text]No. The first week, the pigmentation is significantly darker than the final result. Within the first week of healing the intensity of the color will become about 40% softer. Due to the natural cell renewal, the end result of pigmentation will be visible after a period of approximately 3 to 5 weeks.[\/vc_column_text]<\/div>\n                <\/div>\n            <\/div><div class=\"panel\">\n                <div class=\"panel-heading\">\n                    <h4 class=\"panel-title\">\n                        <a data-toggle=\"collapse\"  class='collapsed' href=\"#collapse9\">Is Permanent Make-Up safe?<\/a>\n                    <\/h4>\n                <\/div>\n                <div id=\"collapse9\" class=\"panel-collapse collapse\">\n                    <div class=\"panel-body\">[vc_column_text]Yes. We work only under the strict rules of the Health Authorities. For every treatment a new sterile needle is used which will be destroyed immediately after the treatment.Indeed. However every morning is there a make-up artist who is styling your eyebrows, drawing a crisp eyeliner for you or correcting the shape of your lips? Does this make-up artist also accompany you on holiday to quickly redo your make-up as you step out of the ocean or the swimming pool? It is not just the line or contour, it comes to overall convenience that you will experience every day for years.[\/vc_column_text]<\/div>\n                <\/div>\n            <\/div><div class=\"panel\">\n                <div class=\"panel-heading\">\n                    <h4 class=\"panel-title\">\n                        <a data-toggle=\"collapse\"  class='collapsed' href=\"#collapse10\">Is Permanent Make-Up the same as a tattoo?<\/a>\n                    <\/h4>\n                <\/div>\n                <div id=\"collapse10\" class=\"panel-collapse collapse\">\n                    <div class=\"panel-body\">[vc_column_text]The principle is similar to each other. With both procedures pigment is placed into the skin with needles, but that is the only similarity. The equipment as well as the composition of the pigments, and the techniques is completely different.[\/vc_column_text]<\/div>\n                <\/div>\n            <\/div><div class=\"panel\">\n                <div class=\"panel-heading\">\n                    <h4 class=\"panel-title\">\n                        <a data-toggle=\"collapse\"  class='collapsed' href=\"#collapse11\">Can you make a temporary tattoo with Permanent Make-Up?<\/a>\n                    <\/h4>\n                <\/div>\n                <div id=\"collapse11\" class=\"panel-collapse collapse\">\n                    <div class=\"panel-body\">[vc_column_text]Temporary tattoos do not exist. Permanent makeup pigments fade because they are deposited less deeply into the skin and the compositions of the pigments are different. When faded, the remains of the Pigments are hardly visible anymore between lashes or along the lip line. However, total disappearance does not happen.[\/vc_column_text]<\/div>\n                <\/div>\n            <\/div><\/div>[\/vc_column][\/vc_row][vc_row full_width=&#8221;stretch_row&#8221; content_placement=&#8221;middle&#8221; parallax=&#8221;content-moving&#8221; css=&#8221;.vc_custom_1494498079221{margin-top: 40px !important;margin-bottom: -100px !important;background-image: url(https:\/\/www.day-spa-ramstein.de\/wp-content\/uploads\/2017\/05\/Bananenblatt_ElkesDaySpa_Ramstein_titel.jpg?id=1779) !important;}&#8221;][vc_column width=&#8221;1\/2&#8243;][vc_column_text css=&#8221;.vc_custom_1552332636813{margin-bottom: 35px !important;}&#8221;]<\/p>\n<h4><span style=\"color: #ffffff;\">Book your appointment today. Appointments are available from 7 am in the morning!<\/span><\/h4>\n<p>[\/vc_column_text][\/vc_column][vc_column width=&#8221;1\/2&#8243;][vc_column_text css=&#8221;.vc_custom_1496997506542{margin-bottom: 20px !important;}&#8221;]<a target=\"_self\" href=\"https:\/\/www.day-spa-ramstein.de\/en\/contact\/\" class=\"btn btn-lg style-1\" id=\"custom-id-0\" style=\"\">BOOK YOUR APPOINTMENT NOW<\/a>[\/vc_column_text][\/vc_column][\/vc_row]<\/p>\n","protected":false},"excerpt":{"rendered":"<p>[vc_row][vc_column][vc_column_text] Permanent Make-up&#8230; &#8230;offers you the long-lasting pleasure of always having great looking eyebrows, eyeliner and lips. [\/vc_column_text][\/vc_column][\/vc_row][vc_row css=&#8221;.vc_custom_1493027981501{padding-top: 50px !important;}&#8221;][vc_column width=&#8221;1\/2&#8243;][vc_column_text]PMU\u00a0stands for Permanent Make-up, also known as micropigmentation. Some people refer to micropigmentation as cosmetic tattooing, which is incorrect&#8230;.<\/p>\n","protected":false},"author":2,"featured_media":0,"parent":0,"menu_order":0,"comment_status":"closed","ping_status":"closed","template":"","meta":{"_exactmetrics_skip_tracking":false,"_exactmetrics_sitenote_active":false,"_exactmetrics_sitenote_note":"","_exactmetrics_sitenote_category":0},"yoast_head":"<!-- This site is optimized with the Yoast SEO plugin v20.6 - https:\/\/yoast.com\/wordpress\/plugins\/seo\/ -->\n<title>Permanent Make-up - Day Spa Ramstein<\/title>\n<meta name=\"description\" content=\"Betonen Sie Ihre nat\u00fcrliche Sch\u00f6nheit und wachen Sie jeden Morgen wie frisch geschminkt auf. Permanent Make-Up macht es m\u00f6glich. Erfahren Sie mehr!\" \/>\n<meta name=\"robots\" content=\"index, follow, max-snippet:-1, max-image-preview:large, max-video-preview:-1\" \/>\n<link rel=\"canonical\" href=\"https:\/\/www.day-spa-ramstein.de\/en\/permanent-make-up-ramstein\/\" \/>\n<meta property=\"og:locale\" content=\"en_US\" \/>\n<meta property=\"og:type\" content=\"article\" \/>\n<meta property=\"og:title\" content=\"Permanent Make-up - Day Spa Ramstein\" \/>\n<meta property=\"og:description\" content=\"Betonen Sie Ihre nat\u00fcrliche Sch\u00f6nheit und wachen Sie jeden Morgen wie frisch geschminkt auf. Permanent Make-Up macht es m\u00f6glich. Erfahren Sie mehr!\" \/>\n<meta property=\"og:url\" content=\"https:\/\/www.day-spa-ramstein.de\/en\/permanent-make-up-ramstein\/\" \/>\n<meta property=\"og:site_name\" content=\"Day Spa Ramstein\" \/>\n<meta property=\"article:modified_time\" content=\"2025-01-05T09:02:26+00:00\" \/>\n<meta property=\"og:image\" content=\"https:\/\/www.day-spa-ramstein.de\/wp-content\/uploads\/2017\/03\/Permanent_Makeup_ElkesDaySpa_Ramstein-1_2-1024x529.jpg\" \/>\n<meta name=\"twitter:card\" content=\"summary_large_image\" \/>\n<meta name=\"twitter:label1\" content=\"Est. reading time\" \/>\n\t<meta name=\"twitter:data1\" content=\"5 minutes\" \/>\n<script type=\"application\/ld+json\" class=\"yoast-schema-graph\">{\"@context\":\"https:\/\/schema.org\",\"@graph\":[{\"@type\":\"WebPage\",\"@id\":\"https:\/\/www.day-spa-ramstein.de\/en\/permanent-make-up-ramstein\/\",\"url\":\"https:\/\/www.day-spa-ramstein.de\/en\/permanent-make-up-ramstein\/\",\"name\":\"Permanent Make-up - Day Spa Ramstein\",\"isPartOf\":{\"@id\":\"https:\/\/www.day-spa-ramstein.de\/en\/#website\"},\"datePublished\":\"2017-03-16T09:35:25+00:00\",\"dateModified\":\"2025-01-05T09:02:26+00:00\",\"description\":\"Betonen Sie Ihre nat\u00fcrliche Sch\u00f6nheit und wachen Sie jeden Morgen wie frisch geschminkt auf. Permanent Make-Up macht es m\u00f6glich. Erfahren Sie mehr!\",\"breadcrumb\":{\"@id\":\"https:\/\/www.day-spa-ramstein.de\/en\/permanent-make-up-ramstein\/#breadcrumb\"},\"inLanguage\":\"en-US\",\"potentialAction\":[{\"@type\":\"ReadAction\",\"target\":[\"https:\/\/www.day-spa-ramstein.de\/en\/permanent-make-up-ramstein\/\"]}]},{\"@type\":\"BreadcrumbList\",\"@id\":\"https:\/\/www.day-spa-ramstein.de\/en\/permanent-make-up-ramstein\/#breadcrumb\",\"itemListElement\":[{\"@type\":\"ListItem\",\"position\":1,\"name\":\"Home\",\"item\":\"https:\/\/www.day-spa-ramstein.de\/en\/\"},{\"@type\":\"ListItem\",\"position\":2,\"name\":\"Permanent Make-up\"}]},{\"@type\":\"WebSite\",\"@id\":\"https:\/\/www.day-spa-ramstein.de\/en\/#website\",\"url\":\"https:\/\/www.day-spa-ramstein.de\/en\/\",\"name\":\"Day Spa Ramstein\",\"description\":\"Ausbildungszentrum, Kosmetikk, Wellness\",\"potentialAction\":[{\"@type\":\"SearchAction\",\"target\":{\"@type\":\"EntryPoint\",\"urlTemplate\":\"https:\/\/www.day-spa-ramstein.de\/en\/?s={search_term_string}\"},\"query-input\":\"required name=search_term_string\"}],\"inLanguage\":\"en-US\"}]}<\/script>\n<!-- \/ Yoast SEO plugin. -->","yoast_head_json":{"title":"Permanent Make-up - Day Spa Ramstein","description":"Betonen Sie Ihre nat\u00fcrliche Sch\u00f6nheit und wachen Sie jeden Morgen wie frisch geschminkt auf. Permanent Make-Up macht es m\u00f6glich. Erfahren Sie mehr!","robots":{"index":"index","follow":"follow","max-snippet":"max-snippet:-1","max-image-preview":"max-image-preview:large","max-video-preview":"max-video-preview:-1"},"canonical":"https:\/\/www.day-spa-ramstein.de\/en\/permanent-make-up-ramstein\/","og_locale":"en_US","og_type":"article","og_title":"Permanent Make-up - Day Spa Ramstein","og_description":"Betonen Sie Ihre nat\u00fcrliche Sch\u00f6nheit und wachen Sie jeden Morgen wie frisch geschminkt auf. Permanent Make-Up macht es m\u00f6glich. Erfahren Sie mehr!","og_url":"https:\/\/www.day-spa-ramstein.de\/en\/permanent-make-up-ramstein\/","og_site_name":"Day Spa Ramstein","article_modified_time":"2025-01-05T09:02:26+00:00","og_image":[{"url":"https:\/\/www.day-spa-ramstein.de\/wp-content\/uploads\/2017\/03\/Permanent_Makeup_ElkesDaySpa_Ramstein-1_2-1024x529.jpg"}],"twitter_card":"summary_large_image","twitter_misc":{"Est. reading time":"5 minutes"},"schema":{"@context":"https:\/\/schema.org","@graph":[{"@type":"WebPage","@id":"https:\/\/www.day-spa-ramstein.de\/en\/permanent-make-up-ramstein\/","url":"https:\/\/www.day-spa-ramstein.de\/en\/permanent-make-up-ramstein\/","name":"Permanent Make-up - Day Spa Ramstein","isPartOf":{"@id":"https:\/\/www.day-spa-ramstein.de\/en\/#website"},"datePublished":"2017-03-16T09:35:25+00:00","dateModified":"2025-01-05T09:02:26+00:00","description":"Betonen Sie Ihre nat\u00fcrliche Sch\u00f6nheit und wachen Sie jeden Morgen wie frisch geschminkt auf. Permanent Make-Up macht es m\u00f6glich. Erfahren Sie mehr!","breadcrumb":{"@id":"https:\/\/www.day-spa-ramstein.de\/en\/permanent-make-up-ramstein\/#breadcrumb"},"inLanguage":"en-US","potentialAction":[{"@type":"ReadAction","target":["https:\/\/www.day-spa-ramstein.de\/en\/permanent-make-up-ramstein\/"]}]},{"@type":"BreadcrumbList","@id":"https:\/\/www.day-spa-ramstein.de\/en\/permanent-make-up-ramstein\/#breadcrumb","itemListElement":[{"@type":"ListItem","position":1,"name":"Home","item":"https:\/\/www.day-spa-ramstein.de\/en\/"},{"@type":"ListItem","position":2,"name":"Permanent Make-up"}]},{"@type":"WebSite","@id":"https:\/\/www.day-spa-ramstein.de\/en\/#website","url":"https:\/\/www.day-spa-ramstein.de\/en\/","name":"Day Spa Ramstein","description":"Ausbildungszentrum, Kosmetikk, Wellness","potentialAction":[{"@type":"SearchAction","target":{"@type":"EntryPoint","urlTemplate":"https:\/\/www.day-spa-ramstein.de\/en\/?s={search_term_string}"},"query-input":"required name=search_term_string"}],"inLanguage":"en-US"}]}},"_links":{"self":[{"href":"https:\/\/www.day-spa-ramstein.de\/en\/wp-json\/wp\/v2\/pages\/2421"}],"collection":[{"href":"https:\/\/www.day-spa-ramstein.de\/en\/wp-json\/wp\/v2\/pages"}],"about":[{"href":"https:\/\/www.day-spa-ramstein.de\/en\/wp-json\/wp\/v2\/types\/page"}],"author":[{"embeddable":true,"href":"https:\/\/www.day-spa-ramstein.de\/en\/wp-json\/wp\/v2\/users\/2"}],"replies":[{"embeddable":true,"href":"https:\/\/www.day-spa-ramstein.de\/en\/wp-json\/wp\/v2\/comments?post=2421"}],"version-history":[{"count":8,"href":"https:\/\/www.day-spa-ramstein.de\/en\/wp-json\/wp\/v2\/pages\/2421\/revisions"}],"predecessor-version":[{"id":5940,"href":"https:\/\/www.day-spa-ramstein.de\/en\/wp-json\/wp\/v2\/pages\/2421\/revisions\/5940"}],"wp:attachment":[{"href":"https:\/\/www.day-spa-ramstein.de\/en\/wp-json\/wp\/v2\/media?parent=2421"}],"curies":[{"name":"wp","href":"https:\/\/api.w.org\/{rel}","templated":true}]}}