{"id":2434,"date":"2017-03-16T10:36:15","date_gmt":"2017-03-16T09:36:15","guid":{"rendered":"https:\/\/www.day-spa-ramstein.de\/gesichtsbehandlungen\/"},"modified":"2017-06-09T10:40:16","modified_gmt":"2017-06-09T08:40:16","slug":"skin-treatments","status":"publish","type":"page","link":"https:\/\/www.day-spa-ramstein.de\/en\/skin-treatments\/","title":{"rendered":"Skin treaments"},"content":{"rendered":"<p>[vc_row][vc_column][vc_column_text]<\/p>\n<h1><img loading=\"lazy\" class=\"alignnone wp-image-2715 size-large\" src=\"https:\/\/www.day-spa-ramstein.de\/wp-content\/uploads\/2017\/03\/Gesichtsbahandlungen_ElkesDaySpa_Ramstein_2-1024x529.jpg\" alt=\"Facials are offered at Elkes Day Spa in Ramstein!\" width=\"967\" height=\"500\" srcset=\"https:\/\/www.day-spa-ramstein.de\/wp-content\/uploads\/2017\/03\/Gesichtsbahandlungen_ElkesDaySpa_Ramstein_2-1024x529.jpg 1024w, https:\/\/www.day-spa-ramstein.de\/wp-content\/uploads\/2017\/03\/Gesichtsbahandlungen_ElkesDaySpa_Ramstein_2-600x310.jpg 600w, https:\/\/www.day-spa-ramstein.de\/wp-content\/uploads\/2017\/03\/Gesichtsbahandlungen_ElkesDaySpa_Ramstein_2-300x155.jpg 300w, https:\/\/www.day-spa-ramstein.de\/wp-content\/uploads\/2017\/03\/Gesichtsbahandlungen_ElkesDaySpa_Ramstein_2-768x397.jpg 768w, https:\/\/www.day-spa-ramstein.de\/wp-content\/uploads\/2017\/03\/Gesichtsbahandlungen_ElkesDaySpa_Ramstein_2-370x191.jpg 370w, https:\/\/www.day-spa-ramstein.de\/wp-content\/uploads\/2017\/03\/Gesichtsbahandlungen_ElkesDaySpa_Ramstein_2-1200x620.jpg 1200w, https:\/\/www.day-spa-ramstein.de\/wp-content\/uploads\/2017\/03\/Gesichtsbahandlungen_ElkesDaySpa_Ramstein_2-360x186.jpg 360w, https:\/\/www.day-spa-ramstein.de\/wp-content\/uploads\/2017\/03\/Gesichtsbahandlungen_ElkesDaySpa_Ramstein_2.jpg 1524w\" sizes=\"(max-width: 967px) 100vw, 967px\" \/><\/h1>\n<h1>Treat yourself to facials that are tailored just for you.<\/h1>\n<p>[\/vc_column_text][\/vc_column][\/vc_row][vc_row css=&#8221;.vc_custom_1493978159990{margin-top: 60px !important;}&#8221;][vc_column]<ul class='nav nav-tabs pricing-nav-tabs'><li class='active'><a href=\"#skin-treatments\" data-toggle=\"tab\">Skin treatments<\/a><\/li><\/ul><div class='pricing-tab-content tab-content'><div id=\"skin-treatments\" class=\"row tab-pane active\"><div class='pricing-item col-md-6'><div class=\"pricing-item-header\"><h3 class='pricing-item-title'>Microdermabrasion<\/h3><span class=\"pricing-item-divider\"><\/span><span class=\"pricing-item-price\">\u20ac 69<\/span><\/div><p>Microdermabrasion is a non-surgical facial resurfacing technique. It mechanically exfoliates the outermost layer of dead skin cells (the stratum corneum) and vacuums them away, leaving your skin feeling softer and smoother \u2014 and if done well, looking younger and more vibrant.<br \/>\n<a target=\"_self\" href=\"https:\/\/www.day-spa-ramstein.de\/en\/skin-treatments\/microdermabrasion\/\" class=\"btn btn-sm style-4\" id=\"custom-id-0\" style=\"\">FIND OUT MORE<\/a>\n<p>&nbsp;<\/p>\n<p>&nbsp;<\/p>\n<\/div><div class='pricing-item col-md-6'><div class=\"pricing-item-header\"><h3 class='pricing-item-title'>Chemical peel<\/h3><span class=\"pricing-item-divider\"><\/span><span class=\"pricing-item-price\">\u20ac 75<\/span><\/div><p>Fruit acids stimulate the natural renewal of the skin.<br \/>\n<a target=\"_self\" href=\"https:\/\/www.day-spa-ramstein.de\/en\/skin-treatments\/chemical-peel\/\" class=\"btn btn-sm style-4\" id=\"custom-id-1\" style=\"\">FIND OUT MORE<\/a>\n<\/div><div class='pricing-item col-md-6'><div class=\"pricing-item-header\"><h3 class='pricing-item-title'>Green Peel Treatment<\/h3><span class=\"pricing-item-divider\"><\/span><span class=\"pricing-item-price\">\u20ac 199<\/span><\/div><p>A new skin in 5 days<br \/>\nPrice incl. 1 aftercare and homecare products<\/p>\n<a target=\"_self\" href=\"https:\/\/www.day-spa-ramstein.de\/en\/skin-treatments\/green-peel\/\" class=\"btn btn-sm style-4\" id=\"custom-id-2\" style=\"\">FIND OUT MORE<\/a>\n<p>&nbsp;<\/p>\n<p>&nbsp;<\/p>\n<\/div><div class='pricing-item col-md-6'><div class=\"pricing-item-header\"><h3 class='pricing-item-title'>Green Peel Fresh up<\/h3><span class=\"pricing-item-divider\"><\/span><span class=\"pricing-item-price\">\u20ac 90<\/span><\/div><p>Illuminate your skin<br \/>\nTakes 70 min.<\/p>\n<\/div><div class='pricing-item col-md-6'><div class=\"pricing-item-header\"><h3 class='pricing-item-title'>Green peel Energie<\/h3><span class=\"pricing-item-divider\"><\/span><span class=\"pricing-item-price\">\u20ac 154<\/span><\/div><p>Stimulate your skin<br \/>\nPrice incl. a pack of 7 activ ampuls worth \u20ac 26<\/p>\n<\/div><div class='pricing-item col-md-6'><div class=\"pricing-item-header\"><h3 class='pricing-item-title'>Microneedling Face<\/h3><span class=\"pricing-item-divider\"><\/span><span class=\"pricing-item-price\">\u20ac 99<\/span><\/div><p>A gentle method of skin tightening with excellent results.<\/p>\n<p class=\"p1\">Microneedling face, neck, d\u00e9collet\u00e9 &#8230;&#8230;&#8230;&#8230;&#8230;. \u20ac 180<\/p>\n<p class=\"p1\">Neck and d\u00e9kollet\u00e9&#8230;&#8230;&#8230;&#8230;&#8230;&#8230;&#8230;&#8230;&#8230;&#8230;&#8230;&#8230;&#8230;&#8230;..\u20ac 120<br \/>\n<a target=\"_self\" href=\"https:\/\/www.day-spa-ramstein.de\/en\/skin-treatments\/microneedling\/\" class=\"btn btn-sm style-4\" id=\"custom-id-3\" style=\"\">FIND OUT MORE<\/a>\n<p>&nbsp;<\/p>\n<\/div><div class='pricing-item col-md-6'><div class=\"pricing-item-header\"><h3 class='pricing-item-title'>Basic facial<\/h3><span class=\"pricing-item-divider\"><\/span><span class=\"pricing-item-price\">\u20ac 50<\/span><\/div><p>Deep cleansing, exfoliating, mask, massage, final care.<\/p>\n<p>Neck treatment plus 20 \u20ac<\/p>\n<p>Back treatment plus 50\u20ac<\/p>\n<\/div><div class='pricing-item col-md-6'><div class=\"pricing-item-header\"><h3 class='pricing-item-title'>Microneedling <br>face, neck, d\u00e9collet\u00e9<\/h3><span class=\"pricing-item-divider\"><\/span><span class=\"pricing-item-price\">\u20ac 180<\/span><\/div><p class=\"p1\"><span class=\"s1\">\u2013<b>\u00a0<\/b>Check out the<b>\u00a0<\/b><a href=\"https:\/\/www.day-spa-ramstein.de\/en\/special-offers-spa-packages\/\"><span class=\"s2\"><b>SPA Paket<\/b><\/span><\/a><b>\u00a0<\/b>\u00a0\u2013<\/span><\/p>\n<p class=\"p1\"><span class=\"s1\"><a target=\"_self\" href=\"https:\/\/www.day-spa-ramstein.de\/en\/skin-treatments\/microneedling\/\" class=\"btn btn-sm style-4\" id=\"custom-id-4\" style=\"\">FIND OUT MORE<\/a><\/span><\/p>\n<\/div><div class='pricing-item col-md-6'><div class=\"pricing-item-header\"><h3 class='pricing-item-title'>Fadenlifting ohne Nadel<\/h3><span class=\"pricing-item-divider\"><\/span><span class=\"pricing-item-price\">\u20ac 190<\/span><\/div><p>Aufl\u00f6sbare Seidenf\u00e4den, die schmerzlos ohne Nadeln f\u00fcr einen herausragenden Effekt beim Lifting sorgen<\/p>\n<p><a href=\"https:\/\/www.day-spa-ramstein.de\/news\/\">MEHR ERFAHREN<\/a><\/p>\n<\/div><div class='pricing-item col-md-6'><div class=\"pricing-item-header\"><h3 class='pricing-item-title'>Clarifying Cleansing Facial 30 min.<\/h3><span class=\"pricing-item-divider\"><\/span><span class=\"pricing-item-price\">\u20ac 30<\/span><\/div><p>Thorough cleansing, consultation for facial cleansing!<\/p>\n<\/div><div class='pricing-item col-md-6'><div class=\"pricing-item-header\"><h3 class='pricing-item-title'>Men\u00b4s facial<\/h3><span class=\"pricing-item-divider\"><\/span><span class=\"pricing-item-price\">\u20ac 50<\/span><\/div><p>Cleansing, mask, massage, final care.<\/p>\n<\/div><div class='pricing-item col-md-6'><div class=\"pricing-item-header\"><h3 class='pricing-item-title'>Ear candeling<\/h3><span class=\"pricing-item-divider\"><\/span><span class=\"pricing-item-price\">\u20ac 30<\/span><\/div><p>For cleaning and relaxation.<\/p>\n<a target=\"_self\" href=\"https:\/\/www.day-spa-ramstein.de\/en\/skin-treatments\/ear-candeling\/\" class=\"btn btn-sm style-4\" id=\"custom-id-5\" style=\"\">FIND OUT MORE<\/a>\n<\/div><div class='pricing-item col-md-6'><div class=\"pricing-item-header\"><h3 class='pricing-item-title'>Melting Thread Lifting<\/h3><span class=\"pricing-item-divider\"><\/span><span class=\"pricing-item-price\">\u20ac 190<\/span><\/div><ul data-rte-list=\"default\">\n<li>\n<p class=\"\"><strong>Natural melting thread<\/strong><\/p>\n<\/li>\n<li>\n<p class=\"\"><strong>Noninvasive lifting<\/strong><\/p>\n<\/li>\n<li>\n<p class=\"\"><strong>Naturally plumping skin<\/strong><\/p>\n<\/li>\n<\/ul>\n<\/div><\/div><\/div>[\/vc_column][\/vc_row][vc_row full_width=&#8221;stretch_row&#8221; content_placement=&#8221;middle&#8221; parallax=&#8221;content-moving&#8221; css=&#8221;.vc_custom_1494498079221{margin-top: 40px !important;margin-bottom: -100px !important;background-image: url(https:\/\/www.day-spa-ramstein.de\/wp-content\/uploads\/2017\/05\/Bananenblatt_ElkesDaySpa_Ramstein_titel.jpg?id=1779) !important;}&#8221;][vc_column width=&#8221;1\/2&#8243;][vc_column_text css=&#8221;.vc_custom_1495615767558{margin-bottom: 35px !important;}&#8221;]<\/p>\n<h4><span style=\"color: #ffffff;\">Treat yourself to something nice and book one of my skin treatments!<\/span><\/h4>\n<p>[\/vc_column_text][\/vc_column][vc_column width=&#8221;1\/2&#8243;][vc_column_text css=&#8221;.vc_custom_1496997614581{margin-bottom: 20px !important;}&#8221;]<a target=\"_self\" href=\"https:\/\/www.day-spa-ramstein.de\/en\/contact\/\" class=\"btn btn-lg style-1\" id=\"custom-id-6\" style=\"\">BOOK YOUR APPOINTMENT NOW<\/a>[\/vc_column_text][\/vc_column][\/vc_row]<\/p>\n","protected":false},"excerpt":{"rendered":"<p>[vc_row][vc_column][vc_column_text] Treat yourself to facials that are tailored just for you. [\/vc_column_text][\/vc_column][\/vc_row][vc_row css=&#8221;.vc_custom_1493978159990{margin-top: 60px !important;}&#8221;][vc_column][\/vc_column][\/vc_row][vc_row full_width=&#8221;stretch_row&#8221; content_placement=&#8221;middle&#8221; parallax=&#8221;content-moving&#8221; css=&#8221;.vc_custom_1494498079221{margin-top: 40px !important;margin-bottom: -100px !important;background-image: url(https:\/\/www.day-spa-ramstein.de\/wp-content\/uploads\/2017\/05\/Bananenblatt_ElkesDaySpa_Ramstein_titel.jpg?id=1779) !important;}&#8221;][vc_column width=&#8221;1\/2&#8243;][vc_column_text css=&#8221;.vc_custom_1495615767558{margin-bottom: 35px !important;}&#8221;] Treat yourself to something nice and book one of my skin&#8230;<\/p>\n","protected":false},"author":2,"featured_media":0,"parent":0,"menu_order":0,"comment_status":"closed","ping_status":"closed","template":"","meta":{"_exactmetrics_skip_tracking":false,"_exactmetrics_sitenote_active":false,"_exactmetrics_sitenote_note":"","_exactmetrics_sitenote_category":0},"yoast_head":"<!-- This site is optimized with the Yoast SEO plugin v20.6 - https:\/\/yoast.com\/wordpress\/plugins\/seo\/ -->\n<title>Skin treaments - Day Spa Ramstein<\/title>\n<meta name=\"description\" content=\"A big variety of skin treatments are offered at Elkes Day Spa. Find out about my services and special offers and book your appointment today!\" \/>\n<meta name=\"robots\" content=\"index, follow, max-snippet:-1, max-image-preview:large, max-video-preview:-1\" \/>\n<link rel=\"canonical\" href=\"https:\/\/www.day-spa-ramstein.de\/en\/skin-treatments\/\" \/>\n<meta property=\"og:locale\" content=\"en_US\" \/>\n<meta property=\"og:type\" content=\"article\" \/>\n<meta property=\"og:title\" content=\"Skin treaments - Day Spa Ramstein\" \/>\n<meta property=\"og:description\" content=\"A big variety of skin treatments are offered at Elkes Day Spa. Find out about my services and special offers and book your appointment today!\" \/>\n<meta property=\"og:url\" content=\"https:\/\/www.day-spa-ramstein.de\/en\/skin-treatments\/\" \/>\n<meta property=\"og:site_name\" content=\"Day Spa Ramstein\" \/>\n<meta property=\"article:modified_time\" content=\"2017-06-09T08:40:16+00:00\" \/>\n<meta property=\"og:image\" content=\"https:\/\/www.day-spa-ramstein.de\/wp-content\/uploads\/2017\/03\/Gesichtsbahandlungen_ElkesDaySpa_Ramstein_2-1024x529.jpg\" \/>\n<meta name=\"twitter:card\" content=\"summary_large_image\" \/>\n<meta name=\"twitter:label1\" content=\"Est. reading time\" \/>\n\t<meta name=\"twitter:data1\" content=\"1 minute\" \/>\n<script type=\"application\/ld+json\" class=\"yoast-schema-graph\">{\"@context\":\"https:\/\/schema.org\",\"@graph\":[{\"@type\":\"WebPage\",\"@id\":\"https:\/\/www.day-spa-ramstein.de\/en\/skin-treatments\/\",\"url\":\"https:\/\/www.day-spa-ramstein.de\/en\/skin-treatments\/\",\"name\":\"Skin treaments - Day Spa Ramstein\",\"isPartOf\":{\"@id\":\"https:\/\/www.day-spa-ramstein.de\/en\/#website\"},\"datePublished\":\"2017-03-16T09:36:15+00:00\",\"dateModified\":\"2017-06-09T08:40:16+00:00\",\"description\":\"A big variety of skin treatments are offered at Elkes Day Spa. Find out about my services and special offers and book your appointment today!\",\"breadcrumb\":{\"@id\":\"https:\/\/www.day-spa-ramstein.de\/en\/skin-treatments\/#breadcrumb\"},\"inLanguage\":\"en-US\",\"potentialAction\":[{\"@type\":\"ReadAction\",\"target\":[\"https:\/\/www.day-spa-ramstein.de\/en\/skin-treatments\/\"]}]},{\"@type\":\"BreadcrumbList\",\"@id\":\"https:\/\/www.day-spa-ramstein.de\/en\/skin-treatments\/#breadcrumb\",\"itemListElement\":[{\"@type\":\"ListItem\",\"position\":1,\"name\":\"Home\",\"item\":\"https:\/\/www.day-spa-ramstein.de\/en\/\"},{\"@type\":\"ListItem\",\"position\":2,\"name\":\"Skin treaments\"}]},{\"@type\":\"WebSite\",\"@id\":\"https:\/\/www.day-spa-ramstein.de\/en\/#website\",\"url\":\"https:\/\/www.day-spa-ramstein.de\/en\/\",\"name\":\"Day Spa Ramstein\",\"description\":\"Ausbildungszentrum, Kosmetikk, Wellness\",\"potentialAction\":[{\"@type\":\"SearchAction\",\"target\":{\"@type\":\"EntryPoint\",\"urlTemplate\":\"https:\/\/www.day-spa-ramstein.de\/en\/?s={search_term_string}\"},\"query-input\":\"required name=search_term_string\"}],\"inLanguage\":\"en-US\"}]}<\/script>\n<!-- \/ Yoast SEO plugin. -->","yoast_head_json":{"title":"Skin treaments - Day Spa Ramstein","description":"A big variety of skin treatments are offered at Elkes Day Spa. Find out about my services and special offers and book your appointment today!","robots":{"index":"index","follow":"follow","max-snippet":"max-snippet:-1","max-image-preview":"max-image-preview:large","max-video-preview":"max-video-preview:-1"},"canonical":"https:\/\/www.day-spa-ramstein.de\/en\/skin-treatments\/","og_locale":"en_US","og_type":"article","og_title":"Skin treaments - Day Spa Ramstein","og_description":"A big variety of skin treatments are offered at Elkes Day Spa. Find out about my services and special offers and book your appointment today!","og_url":"https:\/\/www.day-spa-ramstein.de\/en\/skin-treatments\/","og_site_name":"Day Spa Ramstein","article_modified_time":"2017-06-09T08:40:16+00:00","og_image":[{"url":"https:\/\/www.day-spa-ramstein.de\/wp-content\/uploads\/2017\/03\/Gesichtsbahandlungen_ElkesDaySpa_Ramstein_2-1024x529.jpg"}],"twitter_card":"summary_large_image","twitter_misc":{"Est. reading time":"1 minute"},"schema":{"@context":"https:\/\/schema.org","@graph":[{"@type":"WebPage","@id":"https:\/\/www.day-spa-ramstein.de\/en\/skin-treatments\/","url":"https:\/\/www.day-spa-ramstein.de\/en\/skin-treatments\/","name":"Skin treaments - Day Spa Ramstein","isPartOf":{"@id":"https:\/\/www.day-spa-ramstein.de\/en\/#website"},"datePublished":"2017-03-16T09:36:15+00:00","dateModified":"2017-06-09T08:40:16+00:00","description":"A big variety of skin treatments are offered at Elkes Day Spa. Find out about my services and special offers and book your appointment today!","breadcrumb":{"@id":"https:\/\/www.day-spa-ramstein.de\/en\/skin-treatments\/#breadcrumb"},"inLanguage":"en-US","potentialAction":[{"@type":"ReadAction","target":["https:\/\/www.day-spa-ramstein.de\/en\/skin-treatments\/"]}]},{"@type":"BreadcrumbList","@id":"https:\/\/www.day-spa-ramstein.de\/en\/skin-treatments\/#breadcrumb","itemListElement":[{"@type":"ListItem","position":1,"name":"Home","item":"https:\/\/www.day-spa-ramstein.de\/en\/"},{"@type":"ListItem","position":2,"name":"Skin treaments"}]},{"@type":"WebSite","@id":"https:\/\/www.day-spa-ramstein.de\/en\/#website","url":"https:\/\/www.day-spa-ramstein.de\/en\/","name":"Day Spa Ramstein","description":"Ausbildungszentrum, Kosmetikk, Wellness","potentialAction":[{"@type":"SearchAction","target":{"@type":"EntryPoint","urlTemplate":"https:\/\/www.day-spa-ramstein.de\/en\/?s={search_term_string}"},"query-input":"required name=search_term_string"}],"inLanguage":"en-US"}]}},"_links":{"self":[{"href":"https:\/\/www.day-spa-ramstein.de\/en\/wp-json\/wp\/v2\/pages\/2434"}],"collection":[{"href":"https:\/\/www.day-spa-ramstein.de\/en\/wp-json\/wp\/v2\/pages"}],"about":[{"href":"https:\/\/www.day-spa-ramstein.de\/en\/wp-json\/wp\/v2\/types\/page"}],"author":[{"embeddable":true,"href":"https:\/\/www.day-spa-ramstein.de\/en\/wp-json\/wp\/v2\/users\/2"}],"replies":[{"embeddable":true,"href":"https:\/\/www.day-spa-ramstein.de\/en\/wp-json\/wp\/v2\/comments?post=2434"}],"version-history":[{"count":1,"href":"https:\/\/www.day-spa-ramstein.de\/en\/wp-json\/wp\/v2\/pages\/2434\/revisions"}],"predecessor-version":[{"id":4682,"href":"https:\/\/www.day-spa-ramstein.de\/en\/wp-json\/wp\/v2\/pages\/2434\/revisions\/4682"}],"wp:attachment":[{"href":"https:\/\/www.day-spa-ramstein.de\/en\/wp-json\/wp\/v2\/media?parent=2434"}],"curies":[{"name":"wp","href":"https:\/\/api.w.org\/{rel}","templated":true}]}}