{"id":6026,"date":"2026-04-03T12:54:52","date_gmt":"2026-04-03T10:54:52","guid":{"rendered":"https:\/\/www.day-spa-ramstein.de\/?page_id=6026"},"modified":"2026-04-03T13:16:41","modified_gmt":"2026-04-03T11:16:41","slug":"zahnaufhellung","status":"publish","type":"page","link":"https:\/\/www.day-spa-ramstein.de\/en\/zahnaufhellung\/","title":{"rendered":"Zahnaufhellung"},"content":{"rendered":"<h2 style=\"text-align: center;\">Zahnaufhellung<\/h2>\n<p><img loading=\"lazy\" class=\" wp-image-6029 aligncenter\" src=\"https:\/\/www.day-spa-ramstein.de\/wp-content\/uploads\/2026\/04\/Zahnpflege-im-Vergleich_-Vorher-und-Nachher-300x200.png\" alt=\"\" width=\"803\" height=\"535\" srcset=\"https:\/\/www.day-spa-ramstein.de\/wp-content\/uploads\/2026\/04\/Zahnpflege-im-Vergleich_-Vorher-und-Nachher-300x200.png 300w, https:\/\/www.day-spa-ramstein.de\/wp-content\/uploads\/2026\/04\/Zahnpflege-im-Vergleich_-Vorher-und-Nachher-1024x683.png 1024w, https:\/\/www.day-spa-ramstein.de\/wp-content\/uploads\/2026\/04\/Zahnpflege-im-Vergleich_-Vorher-und-Nachher-768x512.png 768w, https:\/\/www.day-spa-ramstein.de\/wp-content\/uploads\/2026\/04\/Zahnpflege-im-Vergleich_-Vorher-und-Nachher-370x247.png 370w, https:\/\/www.day-spa-ramstein.de\/wp-content\/uploads\/2026\/04\/Zahnpflege-im-Vergleich_-Vorher-und-Nachher-1200x800.png 1200w, https:\/\/www.day-spa-ramstein.de\/wp-content\/uploads\/2026\/04\/Zahnpflege-im-Vergleich_-Vorher-und-Nachher-360x240.png 360w, https:\/\/www.day-spa-ramstein.de\/wp-content\/uploads\/2026\/04\/Zahnpflege-im-Vergleich_-Vorher-und-Nachher.png 1536w\" sizes=\"(max-width: 803px) 100vw, 803px\" \/><\/p>\n<p>&nbsp;<\/p>\n<p class=\"isSelectedEnd\">Unsere professionelle Zahnaufhellung erfolgt in drei aufeinanderfolgenden Behandlungsphasen von jeweils etwa 15\u201320 Minuten. In jeder Phase wird ein hochwertiges Bleaching-Gel auf die Z\u00e4hne aufgetragen, das durch sanftes UV-Licht aktiviert wird, um ein gleichm\u00e4\u00dfiges und effektives Aufhellungsergebnis zu erzielen. W\u00e4hrend der gesamten Behandlung tragen Sie eine spezielle Schutzbrille, um Ihre Augen zu sch\u00fctzen. Ein Mundspreizer sorgt zus\u00e4tzlich daf\u00fcr, dass die Z\u00e4hne optimal freigelegt sind und das Gel gleichm\u00e4\u00dfig einwirken kann.<\/p>\n<p class=\"isSelectedEnd\">Die Anwendung ist unkompliziert, angenehm und in der Regel v\u00f6llig schmerzfrei. Viele empfinden die Behandlung sogar als entspannt. Nach den drei Durchg\u00e4ngen wird der Mund gr\u00fcndlich ausgesp\u00fclt \u2013 und das Ergebnis ist direkt sichtbar: ein deutlich helleres, frischeres und gepflegtes L\u00e4cheln.<\/p>\n<p class=\"isSelectedEnd\">F\u00fcr ein optimales Ergebnis empfehlen wir, die Z\u00e4hne vor der Behandlung ganz normal und sanft zu putzen, ohne starken Druck auszu\u00fcben, um das Zahnfleisch nicht zu reizen. Nach dem Bleaching kann die regelm\u00e4\u00dfige Verwendung einer Whitening-Zahnpasta dabei helfen, die Aufhellung l\u00e4nger zu erhalten und das Ergebnis zu unterst\u00fctzen.<\/p>\n<p class=\"isSelectedEnd\">Wichtig f\u00fcr die ersten 24 Stunden nach der Behandlung: Bitte vermeiden Sie stark f\u00e4rbende Lebensmittel und Getr\u00e4nke wie Kaffee, schwarzen Tee, Rotwein, Cola oder intensiv gew\u00fcrzte Speisen. In dieser Zeit sind die Z\u00e4hne besonders aufnahmef\u00e4hig, daher tr\u00e4gt dieser Verzicht entscheidend dazu bei, das sch\u00f6ne Ergebnis m\u00f6glichst lange zu bewahren.<\/p>\n<p>Genie\u00dfen Sie Ihr neues, strahlendes L\u00e4cheln \u2013 sichtbar direkt nach der Behandlung.<\/p>\n","protected":false},"excerpt":{"rendered":"<p>Zahnaufhellung &nbsp; Unsere professionelle Zahnaufhellung erfolgt in drei aufeinanderfolgenden Behandlungsphasen von jeweils etwa 15\u201320 Minuten. In jeder Phase wird ein hochwertiges Bleaching-Gel auf die Z\u00e4hne aufgetragen, das durch sanftes UV-Licht aktiviert wird, um ein gleichm\u00e4\u00dfiges und effektives Aufhellungsergebnis zu erzielen&#8230;.<\/p>\n","protected":false},"author":5,"featured_media":0,"parent":0,"menu_order":0,"comment_status":"closed","ping_status":"closed","template":"","meta":{"_exactmetrics_skip_tracking":false,"_exactmetrics_sitenote_active":false,"_exactmetrics_sitenote_note":"","_exactmetrics_sitenote_category":0},"yoast_head":"<!-- This site is optimized with the Yoast SEO plugin v20.6 - https:\/\/yoast.com\/wordpress\/plugins\/seo\/ -->\n<title>Zahnaufhellung - Day Spa Ramstein<\/title>\n<meta name=\"description\" content=\"Zahnbleaching bei Elkes Day Spa in Ramstein\" \/>\n<meta name=\"robots\" content=\"index, follow, max-snippet:-1, max-image-preview:large, max-video-preview:-1\" \/>\n<link rel=\"canonical\" href=\"https:\/\/www.day-spa-ramstein.de\/zahnaufhellung\/\" \/>\n<meta property=\"og:locale\" content=\"en_US\" \/>\n<meta property=\"og:type\" content=\"article\" \/>\n<meta property=\"og:title\" content=\"Zahnaufhellung - Day Spa Ramstein\" \/>\n<meta property=\"og:description\" content=\"Zahnbleaching bei Elkes Day Spa in Ramstein\" \/>\n<meta property=\"og:url\" content=\"https:\/\/www.day-spa-ramstein.de\/zahnaufhellung\/\" \/>\n<meta property=\"og:site_name\" content=\"Day Spa Ramstein\" \/>\n<meta property=\"article:modified_time\" content=\"2026-04-03T11:16:41+00:00\" \/>\n<meta property=\"og:image\" content=\"https:\/\/www.day-spa-ramstein.de\/wp-content\/uploads\/2026\/04\/Zahnpflege-im-Vergleich_-Vorher-und-Nachher-300x200.png\" \/>\n<meta name=\"twitter:card\" content=\"summary_large_image\" \/>\n<meta name=\"twitter:label1\" content=\"Est. reading time\" \/>\n\t<meta name=\"twitter:data1\" content=\"2 minutes\" \/>\n<script type=\"application\/ld+json\" class=\"yoast-schema-graph\">{\"@context\":\"https:\/\/schema.org\",\"@graph\":[{\"@type\":\"WebPage\",\"@id\":\"https:\/\/www.day-spa-ramstein.de\/zahnaufhellung\/\",\"url\":\"https:\/\/www.day-spa-ramstein.de\/zahnaufhellung\/\",\"name\":\"Zahnaufhellung - Day Spa Ramstein\",\"isPartOf\":{\"@id\":\"https:\/\/www.day-spa-ramstein.de\/en\/#website\"},\"datePublished\":\"2026-04-03T10:54:52+00:00\",\"dateModified\":\"2026-04-03T11:16:41+00:00\",\"description\":\"Zahnbleaching bei Elkes Day Spa in Ramstein\",\"breadcrumb\":{\"@id\":\"https:\/\/www.day-spa-ramstein.de\/zahnaufhellung\/#breadcrumb\"},\"inLanguage\":\"en-US\",\"potentialAction\":[{\"@type\":\"ReadAction\",\"target\":[\"https:\/\/www.day-spa-ramstein.de\/zahnaufhellung\/\"]}]},{\"@type\":\"BreadcrumbList\",\"@id\":\"https:\/\/www.day-spa-ramstein.de\/zahnaufhellung\/#breadcrumb\",\"itemListElement\":[{\"@type\":\"ListItem\",\"position\":1,\"name\":\"Home\",\"item\":\"https:\/\/www.day-spa-ramstein.de\/en\/\"},{\"@type\":\"ListItem\",\"position\":2,\"name\":\"Zahnaufhellung\"}]},{\"@type\":\"WebSite\",\"@id\":\"https:\/\/www.day-spa-ramstein.de\/en\/#website\",\"url\":\"https:\/\/www.day-spa-ramstein.de\/en\/\",\"name\":\"Day Spa Ramstein\",\"description\":\"Ausbildungszentrum, Kosmetikk, Wellness\",\"potentialAction\":[{\"@type\":\"SearchAction\",\"target\":{\"@type\":\"EntryPoint\",\"urlTemplate\":\"https:\/\/www.day-spa-ramstein.de\/en\/?s={search_term_string}\"},\"query-input\":\"required name=search_term_string\"}],\"inLanguage\":\"en-US\"}]}<\/script>\n<!-- \/ Yoast SEO plugin. -->","yoast_head_json":{"title":"Zahnaufhellung - Day Spa Ramstein","description":"Zahnbleaching bei Elkes Day Spa in Ramstein","robots":{"index":"index","follow":"follow","max-snippet":"max-snippet:-1","max-image-preview":"max-image-preview:large","max-video-preview":"max-video-preview:-1"},"canonical":"https:\/\/www.day-spa-ramstein.de\/zahnaufhellung\/","og_locale":"en_US","og_type":"article","og_title":"Zahnaufhellung - Day Spa Ramstein","og_description":"Zahnbleaching bei Elkes Day Spa in Ramstein","og_url":"https:\/\/www.day-spa-ramstein.de\/zahnaufhellung\/","og_site_name":"Day Spa Ramstein","article_modified_time":"2026-04-03T11:16:41+00:00","og_image":[{"url":"https:\/\/www.day-spa-ramstein.de\/wp-content\/uploads\/2026\/04\/Zahnpflege-im-Vergleich_-Vorher-und-Nachher-300x200.png"}],"twitter_card":"summary_large_image","twitter_misc":{"Est. reading time":"2 minutes"},"schema":{"@context":"https:\/\/schema.org","@graph":[{"@type":"WebPage","@id":"https:\/\/www.day-spa-ramstein.de\/zahnaufhellung\/","url":"https:\/\/www.day-spa-ramstein.de\/zahnaufhellung\/","name":"Zahnaufhellung - Day Spa Ramstein","isPartOf":{"@id":"https:\/\/www.day-spa-ramstein.de\/en\/#website"},"datePublished":"2026-04-03T10:54:52+00:00","dateModified":"2026-04-03T11:16:41+00:00","description":"Zahnbleaching bei Elkes Day Spa in Ramstein","breadcrumb":{"@id":"https:\/\/www.day-spa-ramstein.de\/zahnaufhellung\/#breadcrumb"},"inLanguage":"en-US","potentialAction":[{"@type":"ReadAction","target":["https:\/\/www.day-spa-ramstein.de\/zahnaufhellung\/"]}]},{"@type":"BreadcrumbList","@id":"https:\/\/www.day-spa-ramstein.de\/zahnaufhellung\/#breadcrumb","itemListElement":[{"@type":"ListItem","position":1,"name":"Home","item":"https:\/\/www.day-spa-ramstein.de\/en\/"},{"@type":"ListItem","position":2,"name":"Zahnaufhellung"}]},{"@type":"WebSite","@id":"https:\/\/www.day-spa-ramstein.de\/en\/#website","url":"https:\/\/www.day-spa-ramstein.de\/en\/","name":"Day Spa Ramstein","description":"Ausbildungszentrum, Kosmetikk, Wellness","potentialAction":[{"@type":"SearchAction","target":{"@type":"EntryPoint","urlTemplate":"https:\/\/www.day-spa-ramstein.de\/en\/?s={search_term_string}"},"query-input":"required name=search_term_string"}],"inLanguage":"en-US"}]}},"_links":{"self":[{"href":"https:\/\/www.day-spa-ramstein.de\/en\/wp-json\/wp\/v2\/pages\/6026"}],"collection":[{"href":"https:\/\/www.day-spa-ramstein.de\/en\/wp-json\/wp\/v2\/pages"}],"about":[{"href":"https:\/\/www.day-spa-ramstein.de\/en\/wp-json\/wp\/v2\/types\/page"}],"author":[{"embeddable":true,"href":"https:\/\/www.day-spa-ramstein.de\/en\/wp-json\/wp\/v2\/users\/5"}],"replies":[{"embeddable":true,"href":"https:\/\/www.day-spa-ramstein.de\/en\/wp-json\/wp\/v2\/comments?post=6026"}],"version-history":[{"count":6,"href":"https:\/\/www.day-spa-ramstein.de\/en\/wp-json\/wp\/v2\/pages\/6026\/revisions"}],"predecessor-version":[{"id":6034,"href":"https:\/\/www.day-spa-ramstein.de\/en\/wp-json\/wp\/v2\/pages\/6026\/revisions\/6034"}],"wp:attachment":[{"href":"https:\/\/www.day-spa-ramstein.de\/en\/wp-json\/wp\/v2\/media?parent=6026"}],"curies":[{"name":"wp","href":"https:\/\/api.w.org\/{rel}","templated":true}]}}